{"id":55,"date":"2017-11-25T16:20:37","date_gmt":"2017-11-25T15:20:37","guid":{"rendered":"http:\/\/laruche.cuerq.net\/?page_id=55"},"modified":"2022-11-27T17:11:39","modified_gmt":"2022-11-27T16:11:39","slug":"accueil","status":"publish","type":"page","link":"https:\/\/arcadia.cuerq.net\/","title":{"rendered":"Accueil"},"content":{"rendered":"<h3 style=\"text-align: center;\">Fruits disponibles :<\/h3>\n<h4 style=\"text-align: center;\">Pour toute information concernant la vente des agrumes, envoyer un mail \u00e0 Adrien Strutynski : adrien point strutynski arobase protonmail point com.<\/h4>\n<h3><b>Pr\u00e9visions pour la saison :<\/b><\/h3>\n<table border=\"1\" width=\"900\">\n<tbody>\n<tr>\n<td>&nbsp;<\/td>\n<td><center>Novembre<\/center><\/td>\n<td><center>D\u00e9cembre<\/center><\/td>\n<td><center>Janvier<\/center><\/td>\n<td><center>F\u00e9vrier<\/center><\/td>\n<td><center>Mars<\/center><\/td>\n<td><center>Avril<\/center><\/td>\n<td><center>Mai<\/center><\/td>\n<\/tr>\n<tr>\n<td>Cl\u00e9mentines<\/td>\n<td><img decoding=\"async\" class=\"aligncenter\" src=\"http:\/\/arcadia.cuerq.net\/images\/orange.gif\"><\/td>\n<td><img decoding=\"async\" class=\"aligncenter\" src=\"http:\/\/arcadia.cuerq.net\/images\/orange.gif\"><\/td>\n<td><img decoding=\"async\" class=\"aligncenter\" src=\"http:\/\/arcadia.cuerq.net\/images\/orange.gif\"><\/td>\n<td>&nbsp;<\/td>\n<td>&nbsp;<\/td>\n<td>&nbsp;<\/td>\n<td>&nbsp;<\/td>\n<\/tr>\n<tr>\n<td>Oranges<\/td>\n<td><img decoding=\"async\" class=\"aligncenter\" src=\"http:\/\/arcadia.cuerq.net\/images\/orange2.gif\"><\/td>\n<td><img decoding=\"async\" class=\"aligncenter\" src=\"http:\/\/arcadia.cuerq.net\/images\/orange2.gif\"><\/td>\n<td><img decoding=\"async\" class=\"aligncenter\" src=\"http:\/\/arcadia.cuerq.net\/images\/orange2.gif\"><\/td>\n<td><img decoding=\"async\" class=\"aligncenter\" src=\"http:\/\/arcadia.cuerq.net\/images\/orange2.gif\"><\/td>\n<td><img decoding=\"async\" class=\"aligncenter\" src=\"http:\/\/arcadia.cuerq.net\/images\/orange2.gif\"><\/td>\n<td><img decoding=\"async\" class=\"aligncenter\" src=\"http:\/\/arcadia.cuerq.net\/images\/orange2.gif\"><\/td>\n<td>&nbsp;<\/td>\n<\/tr>\n<tr>\n<td>Mandarines Satsuma<\/td>\n<td><img decoding=\"async\" class=\"aligncenter\" src=\"http:\/\/arcadia.cuerq.net\/images\/orange.gif\"><\/td>\n<td>&nbsp;<\/td>\n<td>&nbsp;<\/td>\n<td>&nbsp;<\/td>\n<td>&nbsp;<\/td>\n<td>&nbsp;<\/td>\n<td>&nbsp;<\/td>\n<\/tr>\n<tr>\n<td>Tangelos Nova<\/td>\n<td><img decoding=\"async\" class=\"aligncenter\" src=\"http:\/\/arcadia.cuerq.net\/images\/orange.gif\"><\/td>\n<td>&nbsp;<\/td>\n<td>&nbsp;<\/td>\n<td>&nbsp;<\/td>\n<td>&nbsp;<\/td>\n<td>&nbsp;<\/td>\n<td>&nbsp;<\/td>\n<\/tr>\n<tr>\n<td>Tangelos Orlando<\/td>\n<td>&nbsp;<\/td>\n<td><img decoding=\"async\" class=\"aligncenter\" src=\"http:\/\/arcadia.cuerq.net\/images\/orange.gif\"><\/td>\n<td>&nbsp;<\/td>\n<td>&nbsp;<\/td>\n<td>&nbsp;<\/td>\n<td>&nbsp;<\/td>\n<td>&nbsp;<\/td>\n<\/tr>\n<tr>\n<td>Citrons<\/td>\n<td>&nbsp;<\/td>\n<td><img decoding=\"async\" class=\"aligncenter\" src=\"http:\/\/arcadia.cuerq.net\/images\/citron.gif\"><\/td>\n<td><img decoding=\"async\" class=\"aligncenter\" src=\"http:\/\/arcadia.cuerq.net\/images\/citron.gif\"><\/td>\n<td><img decoding=\"async\" class=\"aligncenter\" src=\"http:\/\/arcadia.cuerq.net\/images\/citron.gif\"><\/td>\n<td><img decoding=\"async\" class=\"aligncenter\" src=\"http:\/\/arcadia.cuerq.net\/images\/citron.gif\"><\/td>\n<td><img decoding=\"async\" class=\"aligncenter\" src=\"http:\/\/arcadia.cuerq.net\/images\/citron.gif\"><\/td>\n<td><img decoding=\"async\" class=\"aligncenter\" src=\"http:\/\/arcadia.cuerq.net\/images\/citron.gif\"><\/td>\n<\/tr>\n<tr>\n<td>Limettes<\/td>\n<td>&nbsp;<\/td>\n<td><img decoding=\"async\" class=\"aligncenter\" src=\"http:\/\/arcadia.cuerq.net\/images\/citronv.gif\"><\/td>\n<td><img decoding=\"async\" class=\"aligncenter\" src=\"http:\/\/arcadia.cuerq.net\/images\/citronv.gif\"><\/td>\n<td>&nbsp;<\/td>\n<td>&nbsp;<\/td>\n<td>&nbsp;<\/td>\n<td>&nbsp;<\/td>\n<\/tr>\n<tr>\n<td>Pomelos<\/td>\n<td>&nbsp;<\/td>\n<td>&nbsp;<\/td>\n<td><img decoding=\"async\" class=\"aligncenter\" src=\"http:\/\/arcadia.cuerq.net\/images\/pomelo.gif\"><\/td>\n<td><img decoding=\"async\" class=\"aligncenter\" src=\"http:\/\/arcadia.cuerq.net\/images\/pomelo.gif\"><\/td>\n<td><img decoding=\"async\" class=\"aligncenter\" src=\"http:\/\/arcadia.cuerq.net\/images\/pomelo.gif\"><\/td>\n<td><img decoding=\"async\" class=\"aligncenter\" src=\"http:\/\/arcadia.cuerq.net\/images\/pomelo.gif\"><\/td>\n<td>&nbsp;<\/td>\n<\/tr>\n<tr>\n<td>Mandarines communes<\/td>\n<td>&nbsp;<\/td>\n<td>&nbsp;<\/td>\n<td><img decoding=\"async\" class=\"aligncenter\" src=\"http:\/\/arcadia.cuerq.net\/images\/orange.gif\"><\/td>\n<td>&nbsp;<\/td>\n<td>&nbsp;<\/td>\n<td>&nbsp;<\/td>\n<td>&nbsp;<\/td>\n<\/tr>\n<tr>\n<td>Tangelos Minneola<\/td>\n<td>&nbsp;<\/td>\n<td>&nbsp;<\/td>\n<td><img decoding=\"async\" class=\"aligncenter\" src=\"http:\/\/arcadia.cuerq.net\/images\/orange.gif\"><\/td>\n<td><img decoding=\"async\" class=\"aligncenter\" src=\"http:\/\/arcadia.cuerq.net\/images\/orange.gif\"><\/td>\n<td>&nbsp;<\/td>\n<td>&nbsp;<\/td>\n<td>&nbsp;<\/td>\n<\/tr>\n<tr>\n<td>Tangors Murcott<\/td>\n<td>&nbsp;<\/td>\n<td>&nbsp;<\/td>\n<td>&nbsp;<\/td>\n<td><img decoding=\"async\" class=\"aligncenter\" src=\"http:\/\/arcadia.cuerq.net\/images\/orange.gif\"><\/td>\n<td><img decoding=\"async\" class=\"aligncenter\" src=\"http:\/\/arcadia.cuerq.net\/images\/orange.gif\"><\/td>\n<td>&nbsp;<\/td>\n<td>&nbsp;<\/td>\n<\/tr>\n<tr>\n<td>Kumquats Nagami<\/td>\n<td>&nbsp;<\/td>\n<td>&nbsp;<\/td>\n<td>&nbsp;<\/td>\n<td>&nbsp;<\/td>\n<td><img decoding=\"async\" class=\"aligncenter\" src=\"http:\/\/arcadia.cuerq.net\/images\/2kumquats.gif\"><\/td>\n<td><img decoding=\"async\" class=\"aligncenter\" src=\"http:\/\/arcadia.cuerq.net\/images\/2kumquats.gif\"><\/td>\n<td>&nbsp;<\/td>\n<\/tr>\n<tr>\n<td>Kumquats Fukushu<\/td>\n<td>&nbsp;<\/td>\n<td>&nbsp;<\/td>\n<td>&nbsp;<\/td>\n<td><img decoding=\"async\" class=\"aligncenter\" src=\"http:\/\/arcadia.cuerq.net\/images\/2kumquats.gif\"><\/td>\n<td>&nbsp;<\/td>\n<td>&nbsp;<\/td>\n<td>&nbsp;<\/td>\n<\/tr>\n<\/tbody>\n<\/table>\n<p>&nbsp;<\/p>\n<p><center><img decoding=\"async\" src=\"http:\/\/arcadia.cuerq.net\/images\/logo-AB-FR.jpg\">&nbsp;&nbsp;&nbsp;&nbsp;&nbsp;&nbsp;&nbsp;&nbsp;&nbsp;&nbsp;&nbsp;&nbsp;&nbsp;&nbsp;&nbsp;&nbsp;<img decoding=\"async\" src=\"http:\/\/arcadia.cuerq.net\/images\/logo-AB-UE.jpg\"><\/center>&nbsp;<\/p>\n<p style=\"text-align: center;\"><span style=\"font-family: Verdana; font-size: medium;\">Certification Agriculture Biologique par Ecocert<\/span><\/p>\n<p><span style=\"font-family: Verdana; font-size: medium;\">&nbsp;<\/span><\/p>\n","protected":false},"excerpt":{"rendered":"<p>Fruits disponibles : Pour toute information concernant la vente des agrumes, envoyer un mail \u00e0 Adrien Strutynski : adrien point strutynski arobase protonmail point com. Pr\u00e9visions pour la saison : &nbsp; Novembre D\u00e9cembre Janvier F\u00e9vrier Mars Avril Mai Cl\u00e9mentines &nbsp; &nbsp; &nbsp; &nbsp; Oranges &nbsp; Mandarines Satsuma &nbsp; &nbsp; &nbsp; &nbsp; &nbsp; &nbsp; Tangelos Nova &hellip; <a href=\"https:\/\/arcadia.cuerq.net\/\" class=\"more-link\">Continuer la lecture de <span class=\"screen-reader-text\">Accueil<\/span>  <span class=\"meta-nav\">&rarr;<\/span><\/a><\/p>\n","protected":false},"author":2,"featured_media":0,"parent":0,"menu_order":0,"comment_status":"closed","ping_status":"closed","template":"","meta":[],"_links":{"self":[{"href":"https:\/\/arcadia.cuerq.net\/index.php?rest_route=\/wp\/v2\/pages\/55"}],"collection":[{"href":"https:\/\/arcadia.cuerq.net\/index.php?rest_route=\/wp\/v2\/pages"}],"about":[{"href":"https:\/\/arcadia.cuerq.net\/index.php?rest_route=\/wp\/v2\/types\/page"}],"author":[{"embeddable":true,"href":"https:\/\/arcadia.cuerq.net\/index.php?rest_route=\/wp\/v2\/users\/2"}],"replies":[{"embeddable":true,"href":"https:\/\/arcadia.cuerq.net\/index.php?rest_route=%2Fwp%2Fv2%2Fcomments&post=55"}],"version-history":[{"count":30,"href":"https:\/\/arcadia.cuerq.net\/index.php?rest_route=\/wp\/v2\/pages\/55\/revisions"}],"predecessor-version":[{"id":341,"href":"https:\/\/arcadia.cuerq.net\/index.php?rest_route=\/wp\/v2\/pages\/55\/revisions\/341"}],"wp:attachment":[{"href":"https:\/\/arcadia.cuerq.net\/index.php?rest_route=%2Fwp%2Fv2%2Fmedia&parent=55"}],"curies":[{"name":"wp","href":"https:\/\/api.w.org\/{rel}","templated":true}]}}