{"id":324,"date":"2021-01-27T19:42:52","date_gmt":"2021-01-27T18:42:52","guid":{"rendered":"http:\/\/arcadia.cuerq.net\/?page_id=324"},"modified":"2021-01-27T19:42:52","modified_gmt":"2021-01-27T18:42:52","slug":"bathwoman-et-les-fruits-du-dragon","status":"publish","type":"page","link":"https:\/\/arcadia.cuerq.net\/?page_id=324","title":{"rendered":"Bathwoman et les Fruits du Dragon"},"content":{"rendered":"\n<h1><\/h1>\n\n\n\n<p>Comme tout le monde sait de nos jours, sauf ceux qui persistent dans le d\u00e9ni, le climat de la Terre a plut\u00f4t tendance \u00e0 se r\u00e9chauffer. De surcro\u00eet, la pluviom\u00e9trie dans le Sud-Est de la France est plut\u00f4t faible en g\u00e9n\u00e9ral, et rien n&rsquo;incline \u00e0 penser qu\u2019elle va augmenter dans les ann\u00e9es qui viennent. En termes de production alimentaire, il est donc int\u00e9ressant d\u2019y envisager, pour le futur, la culture de plantes qui r\u00e9sistent \u00e0 la chaleur et \u00e0 la s\u00e9cheresse.<\/p>\n\n\n\n<p>C\u2019est une des raisons de l\u2019essai, commenc\u00e9 en 2017, de culture de pitayas, encore appel\u00e9s plus po\u00e9tiquement fruits du dragon, ou dragon\u2019s fruits pour les anglophones<a href=\"#sdfootnote1sym\"><sup>1<\/sup><\/a>. Avec un nom pareil, comment r\u00e9sister\u2026 Dans l\u2019\u00eele de la R\u00e9union, pays producteur<a href=\"#sdfootnote2sym\"><sup>2<\/sup><\/a>, c\u2019est la \u00ab&nbsp;raquette tortue&nbsp;\u00bb. Pour les botanistes, le notre semblerait \u00eatre un Hylocereus polyrhizus, \u00e0 peau rose et pulpe rouge\/violette. Mais ce n\u2019est qu\u2019une hypoth\u00e8se, le polyrhizus aurait une fleur nettement plus petite.<\/p>\n\n\n\n<p>Le pitaya produit un fruit rose\/rouge clair <sup><a href=\"#sdfootnote3sym\"><sup>3<\/sup><\/a><\/sup>, tr\u00e8s beau sinon a priori d\u2019un tr\u00e8s grand int\u00e9r\u00eat gastronomique. Bien que produits loin de chez nous<sup><a href=\"#sdfootnote4sym\"><sup>4<\/sup><\/a><\/sup>, on en trouve aujourd\u2019hui dans certains magasins d\u2019alimentation. Ceux que nous y avons achet\u00e9s se sont r\u00e9v\u00e9l\u00e9s fades, un peu secs. Des tests pr\u00e9c\u00e9dents en Chine, pays de production (entre autres), ont donn\u00e9 le m\u00eame r\u00e9sultat. Mais \u00e0 chacun ses go\u00fbts. Au pire, si on n\u2019a rien d\u2019autre, n\u2019oublions pas qu\u2019il faut manger pour vivre\u2026 Et par ailleurs, rien ni personne n\u2019oblige \u00e0 les manger tels quels, non accommod\u00e9s. Les recettes utilisant des pitayas ne manquent pas sur internet, \u00e0 chacun de trouver celles qui lui conviennent. Ou mieux, de les cr\u00e9er.<\/p>\n\n\n\n<figure class=\"wp-block-image size-large is-resized\"><img decoding=\"async\" loading=\"lazy\" src=\"http:\/\/arcadia.cuerq.net\/wp-content\/uploads\/2021\/01\/Pitaya.jpg\" alt=\"Pitaya\" class=\"wp-image-325\" width=\"517\" height=\"345\" srcset=\"https:\/\/arcadia.cuerq.net\/wp-content\/uploads\/2021\/01\/Pitaya.jpg 595w, https:\/\/arcadia.cuerq.net\/wp-content\/uploads\/2021\/01\/Pitaya-300x200.jpg 300w\" sizes=\"(max-width: 517px) 100vw, 517px\" \/><\/figure>\n\n\n\n<p>Le pitaya mis en place, en pot, d\u00e9but mai 2018, a fleuri le 24 ao\u00fbt 2019. Trois magnifiques fleurs, \u00e9normes, de plus de 20 cm de diam\u00e8tre, qui se sont ouvertes la nuit, comme il se doit.<\/p>\n\n\n\n<p>On avait rep\u00e9r\u00e9 dans la journ\u00e9e les boutons pr\u00eats \u00e0 \u00e9clore. On a donc veill\u00e9 pour admirer le spectacle, mais aussi pour agir\u2026<\/p>\n\n\n\n<p>Pour donner des fruits, les fleurs de pitaya doivent \u00eatre f\u00e9cond\u00e9es. Fleurissant la nuit, les pitayas sont logiquement pollinis\u00e9s, dans leur(s) pays d\u2019origine, par des chauve-souris. Depuis quelques ann\u00e9es, on ne voit plus beaucoup de chauves-souris chez nous, et il serait bien al\u00e9atoire de s\u2019en remettre \u00e0 elles pour ce grand soir. Mais heureusement, batwoman \u00e9tait l\u00e0&nbsp;! Bernadette n\u2019a fait ni une ni deux, elle a saisi son meilleur pinceau, celui qui sert aux mandalas, et fait ce qu\u2019il fallait. Apr\u00e8s avoir bien chatouill\u00e9 les \u00e9tamines au moyen du dit pinceau, elle en a abondamment tartin\u00e9 les pistils<a href=\"#sdfootnote5sym\"><sup>5<\/sup><\/a>.<\/p>\n\n\n\n<figure class=\"wp-block-image size-large is-resized\"><img decoding=\"async\" loading=\"lazy\" src=\"http:\/\/arcadia.cuerq.net\/wp-content\/uploads\/2021\/01\/Pitaya2.png\" alt=\"\" class=\"wp-image-328\" width=\"518\" height=\"321\" srcset=\"https:\/\/arcadia.cuerq.net\/wp-content\/uploads\/2021\/01\/Pitaya2.png 595w, https:\/\/arcadia.cuerq.net\/wp-content\/uploads\/2021\/01\/Pitaya2-300x186.png 300w\" sizes=\"(max-width: 518px) 100vw, 518px\" \/><\/figure>\n\n\n\n<p>D\u00e9but septembre, les futurs fruits ont commenc\u00e9 \u00e0 prendre forme. Verts d\u2019abord, puis rose\/rouge clair. Mi-octobre, ils sont tous les trois bien gonfl\u00e9s, superbes.<\/p>\n\n\n\n<p><a href=\"http:\/\/arcadia.cuerq.net\/wp-content\/uploads\/2021\/01\/Fruits.jpg\"><img decoding=\"async\" loading=\"lazy\" class=\"aligncenter size-full wp-image-329\" src=\"http:\/\/arcadia.cuerq.net\/wp-content\/uploads\/2021\/01\/Fruits.jpg\" alt=\"\" width=\"491\" height=\"368\" srcset=\"https:\/\/arcadia.cuerq.net\/wp-content\/uploads\/2021\/01\/Fruits.jpg 491w, https:\/\/arcadia.cuerq.net\/wp-content\/uploads\/2021\/01\/Fruits-300x225.jpg 300w\" sizes=\"(max-width: 491px) 100vw, 491px\" \/><\/a><\/p>\n<p>Le 24 octobre, cons\u00e9quence possible d\u2019une semaine tr\u00e8s pluvieuse, les 3 fruits sont fendus\u00a0; on les r\u00e9colte. Ils sont encore souples sous la pression du doigt. Poids total 1285 g, soit environ 430 g pi\u00e8ce.<\/p>\n\n\n\n<figure class=\"wp-block-image size-large is-resized\"><img decoding=\"async\" loading=\"lazy\" src=\"https:\/\/arcadia.cuerq.net\/wp-content\/uploads\/2021\/01\/Fruit2-1024x994.jpg\" alt=\"\" class=\"wp-image-330\" width=\"514\" height=\"498\" srcset=\"https:\/\/arcadia.cuerq.net\/wp-content\/uploads\/2021\/01\/Fruit2-1024x994.jpg 1024w, https:\/\/arcadia.cuerq.net\/wp-content\/uploads\/2021\/01\/Fruit2-300x291.jpg 300w, https:\/\/arcadia.cuerq.net\/wp-content\/uploads\/2021\/01\/Fruit2-768x746.jpg 768w, https:\/\/arcadia.cuerq.net\/wp-content\/uploads\/2021\/01\/Fruit2-1536x1491.jpg 1536w, https:\/\/arcadia.cuerq.net\/wp-content\/uploads\/2021\/01\/Fruit2-2048x1988.jpg 2048w\" sizes=\"(max-width: 514px) 100vw, 514px\" \/><\/figure>\n\n\n\n<p>La d\u00e9gustation est une bonne surprise&nbsp;: sans crier au miracle, le go\u00fbt est discret, l\u00e9g\u00e8rement sucr\u00e9&nbsp;; la texture est agr\u00e9able. La pulpe est tr\u00e8s facile \u00e0 d\u00e9tacher de la peau, les p\u00e9pins nombreux mais minuscules ne se sentent pas sous la dent. Bref, test organoleptique r\u00e9ussi&nbsp;!<\/p>\n\n\n\n<p>Autres qualit\u00e9s<a href=\"#sdfootnote6sym\"><sup>6<\/sup><\/a>&nbsp;: le pitaya est r\u00e9put\u00e9 avoir des vertus digestives, et agir contre la constipation, gr\u00e2ce \u00e0 l&rsquo;effet laxatif de ses graines. Il ne contient qu&rsquo;une cinquantaine de calories par cent grammes. Et il est riche en vitamines, min\u00e9raux, fibres, contient antioxydants, b\u00e9tacyanine, et des compos\u00e9s ph\u00e9noliques. Il favoriserait aussi la pr\u00e9vention de la goutte en aidant \u00e0 r\u00e9duire le taux d&rsquo;acide urique dans le sang.<\/p>\n\n\n\n<p>Sur les sites internet, y compris celui du Cirad, le pitaya est r\u00e9put\u00e9 auto-st\u00e9rile. Curieusement, le notre ne l\u2019est pas, ce qui ne facilite pas son identification.<\/p>\n\n\n\n<p>Le pitaya ne semble pas \u00eatre une plante tr\u00e8s exigeante en termes de culture. Il aurait<a href=\"#sdfootnote7sym\"><sup>7<\/sup><\/a> l\u2019\u00e9norme avantage de n\u00e9cessiter 5 \u00e0 10 fois moins d&rsquo;eau que toute autre culture fruiti\u00e8re, mais en contrepartie craint un exc\u00e8s d&rsquo;arrosage. Il a besoin d\u2019un climat chaud et sec, de lumi\u00e8re. Aimerait peut-\u00eatre parfois recevoir un peu d\u2019engrais, pour le moment le notre s\u2019en est pass\u00e9. Tr\u00e8s facile \u00e0 bouturer. Son vrai point faible reste une r\u00e9sistance au froid tr\u00e8s limit\u00e9e (1\u00b0C), qui r\u00e9duit drastiquement la zone de culture (actuellement) possible en France, hors serres chauff\u00e9es que je ne peux personnellement envisager pour des raisons \u00e9thiques. Pourtant, notre pitaya a pass\u00e9 ses deux premiers hivers chez nous \u00e0 l\u2019ext\u00e9rieur. Il faut dire que les hivers 2018-2019 et 2019-2020 n\u2019ont pas \u00e9t\u00e9 tr\u00e8s rigoureux \u00e0 Vallauris. Alors, le fruit du dragon est-il la nourriture de l\u2019avenir&nbsp;? L\u2019avenir nous le dira\u2026 A condition, bien s\u00fbr, d\u2019en cultiver. Nous on va continuer. On a d\u00e9j\u00e0 fait un certain nombre de boutures, dont la plupart ont pris. A suivre&#8230;<\/p>\n\n\n\n<p><a href=\"#sdfootnote1anc\">1<\/a> Ou encore strawberry pear.<\/p>\n\n\n\n<p><a href=\"#sdfootnote2anc\">2<\/a> Noter que l\u2019\u00eele de la R\u00e9union est un d\u00e9partement fran\u00e7ais. Ce qui classe la France parmi les pays producteurs de pitayas.<\/p>\n\n\n\n<p><a href=\"#sdfootnote3anc\">3<\/a> Il existe aussi une vari\u00e9t\u00e9 de pitaya jaune, mais ce n\u2019est pas le sujet du jour.<\/p>\n\n\n\n<p><a href=\"#sdfootnote4anc\">4<\/a> Parmi les principaux pays producteurs, le Mexique et la Colombie.<\/p>\n\n\n\n<p><a href=\"#sdfootnote5anc\">5<\/a> Notez que l&rsquo;\u00e9tamine, nom f\u00e9minin, est l&rsquo;organe m\u00e2le. Le pistil, nom masculin, est l&rsquo;organe femelle.<\/p>\n\n\n\n<p><a href=\"#sdfootnote6anc\">6<\/a> Selon Wikipedia<\/p>\n\n\n\n<p><a href=\"#sdfootnote7anc\">7<\/a> M\u00eame source<\/p>\n\n\n","protected":false},"excerpt":{"rendered":"<p>Comme tout le monde sait de nos jours, sauf ceux qui persistent dans le d\u00e9ni, le climat de la Terre a plut\u00f4t tendance \u00e0 se r\u00e9chauffer. De surcro\u00eet, la pluviom\u00e9trie dans le Sud-Est de la France est plut\u00f4t faible en g\u00e9n\u00e9ral, et rien n&rsquo;incline \u00e0 penser qu\u2019elle va augmenter dans les ann\u00e9es qui viennent. En &hellip; <a href=\"https:\/\/arcadia.cuerq.net\/?page_id=324\" class=\"more-link\">Continuer la lecture de <span class=\"screen-reader-text\">Bathwoman et les Fruits du Dragon<\/span>  <span class=\"meta-nav\">&rarr;<\/span><\/a><\/p>\n","protected":false},"author":2,"featured_media":329,"parent":0,"menu_order":0,"comment_status":"closed","ping_status":"closed","template":"","meta":[],"_links":{"self":[{"href":"https:\/\/arcadia.cuerq.net\/index.php?rest_route=\/wp\/v2\/pages\/324"}],"collection":[{"href":"https:\/\/arcadia.cuerq.net\/index.php?rest_route=\/wp\/v2\/pages"}],"about":[{"href":"https:\/\/arcadia.cuerq.net\/index.php?rest_route=\/wp\/v2\/types\/page"}],"author":[{"embeddable":true,"href":"https:\/\/arcadia.cuerq.net\/index.php?rest_route=\/wp\/v2\/users\/2"}],"replies":[{"embeddable":true,"href":"https:\/\/arcadia.cuerq.net\/index.php?rest_route=%2Fwp%2Fv2%2Fcomments&post=324"}],"version-history":[{"count":1,"href":"https:\/\/arcadia.cuerq.net\/index.php?rest_route=\/wp\/v2\/pages\/324\/revisions"}],"predecessor-version":[{"id":332,"href":"https:\/\/arcadia.cuerq.net\/index.php?rest_route=\/wp\/v2\/pages\/324\/revisions\/332"}],"wp:featuredmedia":[{"embeddable":true,"href":"https:\/\/arcadia.cuerq.net\/index.php?rest_route=\/wp\/v2\/media\/329"}],"wp:attachment":[{"href":"https:\/\/arcadia.cuerq.net\/index.php?rest_route=%2Fwp%2Fv2%2Fmedia&parent=324"}],"curies":[{"name":"wp","href":"https:\/\/api.w.org\/{rel}","templated":true}]}}