{"id":310,"date":"2020-10-11T18:18:31","date_gmt":"2020-10-11T17:18:31","guid":{"rendered":"http:\/\/arcadia.cuerq.net\/?page_id=310"},"modified":"2020-10-11T18:18:31","modified_gmt":"2020-10-11T17:18:31","slug":"couleuvres","status":"publish","type":"page","link":"https:\/\/arcadia.cuerq.net\/?page_id=310","title":{"rendered":"Couleuvres"},"content":{"rendered":"\n<p class=\"western\"><span style=\"font-size: large;\">Dans le verger, on a de temps en temps l\u2019occasion d\u2019apercevoir des serpents. Autant que je sache, parce que je suis pas capable de les identifier avec certitude, il s\u2019agit toujours de couleuvres. Je ne pense pas avoir jamais vu de vip\u00e8res ici, au verger \u00e0 Vallauris.<\/span><\/p>\n<p class=\"western\"><span style=\"font-size: large;\">En jardinant, on d\u00e9couvre de temps en temps des orvets, mais eux sont faciles \u00e0 identifier, et ce ne sont pas des serpents,<\/span><\/p>\n<p class=\"western\"><span style=\"font-size: small;\"><span style=\"font-size: large;\">Les visions de couleuvres sont en g\u00e9n\u00e9ral fugitives. Elles habitent dans des trous des murs des restanques, ou sous les racines des oliviers, et s\u2019y r\u00e9fugient pr\u00e9cipitamment d\u00e8s qu\u2019elles nous aper\u00e7oivent. Leur pr\u00e9sence est aussi attest\u00e9e par la d\u00e9couverte de mues<\/span><sup><span style=\"font-size: large;\"><a class=\"sdfootnoteanc\" href=\"#sdfootnote1sym\" name=\"sdfootnote1anc\">1<\/a><\/span><\/sup><span style=\"font-size: large;\">, de taille parfois consid\u00e9rable (parfois pas loin de 2m), ce qui exclut la possibilit\u00e9 qu\u2019il puisse s\u2019agir de vip\u00e8res.<\/span><\/span><\/p>\n<p class=\"western\"><span style=\"font-size: large;\">N\u00e9anmoins, il m\u2019est arriv\u00e9 \u00e0 plusieurs reprises de pouvoir en observer.<\/span><\/p>\n<p class=\"western\"><span style=\"font-size: large;\">Le matin du 15 ao\u00fbt 2010, j\u2019ai aper\u00e7u un gros serpent vert sous l\u2019olivier de la planche des kumquats. Quand il m\u2019a entendu, il a eu peur et il est mont\u00e9 dans l\u2019olivier, o\u00f9 il a disparu dans le lierre. Il \u00e9tait d\u2019une taille trop importante pour qu\u2019il puisse s\u2019agir d\u2019une vip\u00e8re. On a de tout temps vu des couleuvres au verger, ce serpent-l\u00e0 en avait la taille, mais je n\u2019avais jamais auparavant vu de couleuvre verte.<\/span><\/p>\n<p class=\"western\"><span style=\"font-size: large;\">J&rsquo;ajoute que dans l&rsquo;apr\u00e8s-midi qui a suivi cette rencontre, j&rsquo;ai regard\u00e9 au-dessus de ma t\u00eate dans les arbres sous lesquels je passais\u2026<\/span><\/p>\n<p class=\"western\"><span style=\"font-size: large;\">Le 23 mai 2017, en entrant dans la serre, j&rsquo;ai remarqu\u00e9 quelque chose qui se mouvait rapidement sur le sol, en suivant le bas de la paroi vitr\u00e9e. J\u2019ai tout de suite identifi\u00e9 une couleuvre. <\/span><\/p>\n<p class=\"western\"><span style=\"font-size: large;\">Elle \u00e9tait plut\u00f4t grosse, une belle b\u00eate, compl\u00e8tement paniqu\u00e9e. Elle m&rsquo;avait sans aucun doute rep\u00e9r\u00e9 avant que je ne la remarque, me trouvait de toute \u00e9vidence un air anti<\/span>pathique (je ne comprends pas&#8230;), et fon\u00e7ait ventre \u00e0 terre de toute la vitesse de son absence de pattes, pour s&rsquo;\u00e9loigner de ce monstre (moi en l\u2019occurrence, bien s\u00fbr) autant que faire se pouvait. Bien s\u00fbr, j&rsquo;avais d\u00e9gain\u00e9 l&rsquo;appareil photo qui ne me quitte jamais, ou presque, et je la poursuivais, sur mes deux grandes pattes, tout en la mitraillant. Les deux portes de la serre, aux deux extr\u00e9mit\u00e9s, \u00e9taient grandes ouvertes, mais elle a fait plusieurs fois le tour complet, toujours suivie comme son ombre par votre serviteur, appareil photo au poing. En fait, au droit des portes se trouve un seuil en parpaing haut d&rsquo;une quinzaine de centim\u00e8tres, et dans son affolement, elle n&rsquo;avait pas l&rsquo;id\u00e9e de lever la t\u00eate, ce qui lui aurait permis d&rsquo;apercevoir la porte ouverte au-dessus. J&rsquo;ai fini par r\u00e9ussir \u00e0 lui expliquer par gestes qu&rsquo;il fallait s&rsquo;\u00e9lever un peu, voir les choses de plus haut, et quand elle a enfin compris, elle n&rsquo;a pas demand\u00e9 son reste.<\/p>\n<p class=\"western\"><a href=\"http:\/\/arcadia.cuerq.net\/wp-content\/uploads\/2020\/10\/Couleuvre1.jpg\"><img decoding=\"async\" loading=\"lazy\" class=\"aligncenter size-full wp-image-311\" src=\"http:\/\/arcadia.cuerq.net\/wp-content\/uploads\/2020\/10\/Couleuvre1.jpg\" alt=\"\" width=\"850\" height=\"729\" srcset=\"https:\/\/arcadia.cuerq.net\/wp-content\/uploads\/2020\/10\/Couleuvre1.jpg 850w, https:\/\/arcadia.cuerq.net\/wp-content\/uploads\/2020\/10\/Couleuvre1-300x257.jpg 300w, https:\/\/arcadia.cuerq.net\/wp-content\/uploads\/2020\/10\/Couleuvre1-768x659.jpg 768w\" sizes=\"(max-width: 850px) 100vw, 850px\" \/><\/a><\/p>\n<p class=\"western\"><span style=\"font-size: large;\">Le mardi 4 d\u00e9cembre 2018 soit un an, six mois et 11 jours (environ) apr\u00e8s la rencontre dans la serre, je marchais dans le verger (oui, \u00e7a m&rsquo;arrive parfois). J\u2019ai d\u00fb passer dans un endroit resserr\u00e9 entre un muret et un arbre. L\u00e0 j&rsquo;ai entendu comme un bruit de pneu qui se d\u00e9gonfle. Un peu comme le tchi-tchi de Tino Rossi dans O Catarinetta bella, mais en continu&#8230; Curieux, j&rsquo;\u00e9tais \u00e0 pied, je ne pouvais d\u00e9cemment pas avoir crev\u00e9. Je me suis retourn\u00e9, sur le muret devant lequel je me trouvais une seconde plus t\u00f4t, se trouvait une belle couleuvre que j&rsquo;avais sans doute d\u00e9rang\u00e9e, et qui me fixait d&rsquo;un air que j&rsquo;ai estim\u00e9 franchement m\u00e9content, mais comment savoir ? Je suppose qu&rsquo;elle avait \u00ab\u00a0siffl\u00e9\u00a0\u00bb pour me signifier que j&#8217;empi\u00e9tais sur son espace vital. Ma t\u00eate avait d\u00fb passer \u00e0 une trentaine de centim\u00e8tres de celle de l&rsquo;animal, d&rsquo;une belle taille (dure \u00e0 avaler !).<\/span><\/p>\n<p class=\"western\"><a href=\"http:\/\/arcadia.cuerq.net\/wp-content\/uploads\/2020\/10\/Couleuvre2.jpg\"><img decoding=\"async\" loading=\"lazy\" class=\"aligncenter size-full wp-image-312\" src=\"http:\/\/arcadia.cuerq.net\/wp-content\/uploads\/2020\/10\/Couleuvre2.jpg\" alt=\"\" width=\"850\" height=\"655\" srcset=\"https:\/\/arcadia.cuerq.net\/wp-content\/uploads\/2020\/10\/Couleuvre2.jpg 850w, https:\/\/arcadia.cuerq.net\/wp-content\/uploads\/2020\/10\/Couleuvre2-300x231.jpg 300w, https:\/\/arcadia.cuerq.net\/wp-content\/uploads\/2020\/10\/Couleuvre2-768x592.jpg 768w\" sizes=\"(max-width: 850px) 100vw, 850px\" \/><\/a><\/p>\n<p class=\"western\"><span style=\"font-size: large;\">J&rsquo;en \u00e9tais encore \u00e0 moins d&rsquo;un m\u00e8tre, et au lieu de s&rsquo;enfuir \u00e9pouvant\u00e9e \u00e0 ma vue, comme celles que j&rsquo;avais crois\u00e9es jusqu&rsquo;ici, et en particulier celle de la serre, elle a continu\u00e9 de me fixer sans bouger, pendant que je lui tirais le portrait. Peut-\u00eatre a-t-elle l&rsquo;habitude, peut-\u00eatre aime-t-elle qu&rsquo;on la photographie, apr\u00e8s tout on est tout pr\u00e8s de Cannes, ici. J&rsquo;ai fait le tour de l&rsquo;arbre pour la photographier sous un autre angle, elle n&rsquo;a pas boug\u00e9 davantage, la t\u00eate toujours orient\u00e9e vers l\u2019endroit que je venais de quitter. On dit que les couleuvres ont une mauvaise vue. Cela pourrait valider l\u2019explication qu\u2019elle ne m\u2019ait pas vu partir. On dit que le sens de la vue, donc plut\u00f4t d\u00e9ficient, est remplac\u00e9 par une haute perception des vibrations, notamment par la langue, et une ou\u00efe tr\u00e8s fine.<\/span><\/p>\n<p class=\"western\"><span style=\"font-size: large;\">Quand elle oriente sa t\u00eate vers quelqu\u2019un, il para\u00eetrait qu\u2019elle ne le regarde pas vraiment, bien qu\u2019elle en donne bigrement l\u2019impression. En fait, elle orienterait vers lui les sens qui lui permettent le mieux de le percevoir. Toujours est-il que c\u2019est moi qui me suis lass\u00e9 le premier, et suis reparti vaquer \u00e0 mes occupations, la laissant toujours aussi immobile au m\u00eame endroit.<\/span><\/p>\n<p class=\"western\"><span style=\"font-size: large;\">Une question me trotte dans la t\u00eate\u00a0: se pourrait-il que la couleuvre de 2018 soit la m\u00eame que celle de 2017\u00a0? Il faut d\u00e9j\u00e0 supposer (ce qui n\u2019est pas s\u00fbr pour le moment) qu\u2019il s\u2019agit bien de la m\u00eame esp\u00e8ce de couleuvre dans les deux cas. Un sp\u00e9cialiste pourra peut-\u00eatre un jour en identifier l\u2019esp\u00e8ce d\u2019apr\u00e8s les photos. Par ailleurs, au niveau du comportement, on peut noter des diff\u00e9rences\u00a0: la premi\u00e8re, enferm\u00e9e dans la serre, se montre craintive, rapide, silencieuse. La seconde s\u00fbre d\u2019elle, exprimant bruyamment son d\u00e9saccord quand \u00e0 mon intrusion sur son territoire, plut\u00f4t hardie, camp\u00e9e fermement sur ses positions (alors qu\u2019elle est en libert\u00e9) et m\u00eame posant pour les photos. Si c&rsquo;est la m\u00eame, on peut logiquement penser qu&rsquo;en prenant de l&rsquo;\u00e2ge elle a pris de l&rsquo;assurance. Ou attrap\u00e9 des rhumatismes qui l&#8217;emp\u00eachent de fuir. Avec toute la pluie qu&rsquo;on a eu ces derniers mois, \u00e7a n&rsquo;aurait rien d&rsquo;\u00e9tonnant qu&rsquo;elle ait rouill\u00e9. De plus, depuis notre pr\u00e9c\u00e9dente rencontre, elle me savait inoffensif. Enfin, et peut-\u00eatre surtout, en d\u00e9cembre il fait plus froid qu&rsquo;en mai, et les reptiles ont donc plus de difficult\u00e9s pour se mouvoir. Tout \u00e7a se tient. Enfin je trouve. Bref, quoi qu\u2019il en soit, r\u00e9ponse en attente, au moins de l\u2019identification.<\/span><\/p>\n<p class=\"western\"><span style=\"font-size: large;\">Mais en 2010, pourrait-il s&rsquo;agir encore de la m\u00eame couleuvre, plus jeune ? En 2010, elle \u00e9tait encore verte, mais ensuite elle a m\u00fbri&#8230; Soyons s\u00e9rieux, on n\u2019est pas l\u00e0 pour rigoler&#8230; Quoique\u2026 Cette (ridicule) question en am\u00e8ne une autre\u00a0: quelle est la dur\u00e9e de vie d\u2019une couleuvre\u00a0? D\u2019apr\u00e8s un site internet, elle serait de 10 \u00e0 15 ans, pouvant d\u00e9passer 20 ans pour certaines esp\u00e8ces.<\/span><\/p>\n<p class=\"western\"><span style=\"font-size: large;\">Que font des couleuvres dans un verger\u00a0?<\/span><\/p>\n<p class=\"western\"><span style=\"font-size: large;\">C\u2019est bien simple\u00a0: elles peuvent y trouver de quoi se nourrir. Les serpents sont tous carnivores. Au verger vivent de petits rongeurs (souris, musaraignes), des grenouilles, crapauds, l\u00e9zards, oiseaux, escargots, limaces, insectes\u2026 Mais pour aller plus loin dans ce domaine, il faudrait savoir de quel type de couleuvre il s\u2019agit (elles n\u2019ont pas toutes le m\u00eame r\u00e9gime alimentaire).<\/span><\/p>\n<p class=\"western\"><span style=\"font-size: large;\">Elles ont aussi des pr\u00e9dateurs\u00a0: chez nous, essentiellement h\u00e9rissons, renards, rapaces. Ailleurs, parfois, les volailles des basses-cours, les b\u00e2tons des promeneurs, les pneus des voitures.<\/span><\/p>\n<p class=\"western\"><span style=\"font-size: large;\">Nous humains ne pouvons nous emp\u00eacher de juger en terme de \u00ab\u00a0bien\u00a0\u00bb et de \u00ab\u00a0mal\u00a0\u00bb. Les couleuvres sont-elles plut\u00f4t utiles ou plut\u00f4t nuisibles\u00a0?<\/span><\/p>\n<p class=\"western\"><span style=\"font-size: large;\">Vous avez dit \u00ab\u00a0utile\u00a0\u00bb ? Est-il utile d&rsquo;avoir une (ou des) couleuvre(s) dans un verger ? On va bien s\u00fbr se placer du seul point de vue de l\u2019exploitant du verger. On n\u2019essayera pas de savoir ce que peuvent en penser les rongeurs ou amphibiens ou autres, d\u2019ailleurs aucun ne s\u2019est pr\u00e9sent\u00e9 pour donner son avis. Soyons s\u00e9rieux, on n\u2019est pas l\u00e0 pour rigoler\u2026 Quoique\u2026<\/span><\/p>\n<p class=\"western\"><span style=\"font-size: large;\">Et avant de pouvoir tenter de r\u00e9pondre \u00e0 cette question, il convient de d\u00e9finir ce qu&rsquo;elle signifie. Qu&rsquo;est-ce qu&rsquo;\u00eatre \u00ab\u00a0utile\u00a0\u00bb ? C&rsquo;est bien simple. Les humains cr\u00e9ent des vergers pour produire des fruits. Ce qui augmente la production est dit \u00ab\u00a0utile\u00a0\u00bb. Ce qui la diminue est dit \u00ab\u00a0nuisible\u00a0\u00bb. On peut donc classer les habitants du verger en deux cat\u00e9gories : les \u00ab\u00a0bons\u00a0\u00bb (ou les \u00ab\u00a0gentils\u00a0\u00bb), utiles, et les \u00ab\u00a0mauvais\u00a0\u00bb, nuisibles.<\/span><\/p>\n<p class=\"western\"><span style=\"font-size: small;\"><span style=\"color: #000000;\"><span style=\"font-family: Times New Roman, serif;\"><span style=\"font-size: large;\"><span lang=\"fr-FR\">D<\/span><\/span><\/span><\/span><span style=\"font-size: large;\">ifficile de conclure d\u00e9finitivement. Disons qu\u2019en l\u2019\u00e9tat actuel des informations disponibles, les couleuvres semblent plut\u00f4t du c\u00f4t\u00e9 des \u00ab\u00a0gentils\u00a0\u00bb. Ce que confirment les sites internet, et, d\u2019une certaine fa\u00e7on, la loi, puisque les couleuvres sont des animaux prot\u00e9g\u00e9s.<\/span><\/span><\/p>\n<p class=\"western\"><span style=\"font-size: large;\">En France, toutes les couleuvres sont prot\u00e9g\u00e9es par la loi.<\/span><\/p>\n<p class=\"western\"><span style=\"font-size: large;\">D\u2019apr\u00e8s divers sites internet\u00a0:<\/span><\/p>\n<p class=\"western\"><span style=\"font-size: large;\">Elles sont toutes ovipares.<\/span><\/p>\n<p class=\"western\"><span style=\"font-size: large;\">Elles peuvent muer plusieurs fois par an.<\/span><\/p>\n<p class=\"western\"><span style=\"font-size: large;\">Elles habitent dans un vieux terrier, une anfractuosit\u00e9.<\/span><\/p>\n<p class=\"western\"><span style=\"font-size: large;\">Elles sont d\u00e9pourvues de crochets \u00e0 venin et de venin, \u00e0 l\u2019exception de la couleuvre de Montpellier.<\/span><\/p>\n<p class=\"western\"><span style=\"font-size: large;\">Elles ont un r\u00e9gime alimentaire opportuniste et \u00e9clectique : l\u00e9zards, orvets, jeunes serpents y compris des vip\u00e8res, campagnols, musaraignes, grenouilles, insectes, jeunes oiseaux au nid et \u0153ufs.<\/span><\/p>\n<p class=\"western\"><span style=\"font-size: large;\">Elles hibernent en hiver, pendant les mois les plus froids.<\/span><\/p>\n<p class=\"western\"><span style=\"font-size: large;\">Leurs m\u00e2choires sont dilatables gr\u00e2ce \u00e0 une particularit\u00e9 anatomique. La m\u00e2choire inf\u00e9rieure est d\u00e9pourvue de symphyse et les os de la m\u00e2choire sup\u00e9rieure n&rsquo;ont pas de s\u00e9paration avec le reste du cr\u00e2ne, de ce fait elles peuvent se d\u00e9bo\u00eeter au point d&rsquo;avaler un \u0153uf de poule sans le casser.<\/span><\/p>\n<p class=\"western\"><span style=\"font-size: large;\">Diff\u00e9rentes esp\u00e8ces de couleuvres vivent en France<\/span><\/p>\n<p class=\"western\"><span style=\"font-size: large;\">De quelle(s) esp\u00e8ce(s) de couleuvres s\u2019agit-il dans le cas pr\u00e9sent\u00a0?<\/span><\/p>\n<p class=\"western\"><span style=\"font-size: large;\">Il ne peut s&rsquo;agir d&rsquo;<u><b>Opheodrys vernalis<\/b><\/u>, une couleuvre effectivement verte, esp\u00e8ce de serpents de la famille des Colubridae. On la rencontre sur le continent am\u00e9ricain, elle est de petite taille , entre 30 et 50 cm. Celle de 2010 \u00e9tait d&rsquo;une taille nettement sup\u00e9rieure.<\/span><\/p>\n<p class=\"western\"><span style=\"font-size: large;\">Il pourrait s&rsquo;agir de <u><b>Hierophis viridiflavus<\/b><\/u>, commune en France, qui mesure entre 100 et 160 cm, voire exceptionnellement jusqu&rsquo;\u00e0 173 cm. Pourtant sa couleur ne semble pas vraiment correspondre. Son dos poss\u00e8de un fond jaune verd\u00e2tre marqu\u00e9 de barres transversales noires ou vert fonc\u00e9, assez larges, donnant un aspect d&rsquo;ensemble plut\u00f4t noir.<\/span><\/p>\n<p class=\"western\"><span style=\"font-size: large;\">Cette esp\u00e8ce est active le jour, tr\u00e8s rapide et tr\u00e8s agile.<\/span><\/p>\n<p class=\"western\"><span style=\"font-size: large;\">Elle fr\u00e9quente les terrains rocheux, secs et bien ensoleill\u00e9s, exceptionnellement les milieux un peu plus humides comme les prairies et les bords de rivi\u00e8res. On peut la rencontrer pr\u00e8s des habitations.<\/span><\/p>\n<p class=\"western\"><span style=\"font-size: large;\">Elle grimpe facilement aux branches ou dans les buissons, pour chasser ou lorsqu&rsquo;elle se sent menac\u00e9e. Dans ce dernier cas, elle n&rsquo;h\u00e9site pas \u00e0 adopter un comportement agressif et cherche \u00e0 mordre. Si on cherche \u00e0 l&rsquo;attraper, elle se gonfle, siffle et mord \u00e0 plusieurs reprises. Bien que sa morsure ne soit pas venimeuse, elle est douloureuse.<\/span><\/p>\n<p class=\"western\"><span style=\"font-size: large;\">Elle se nourrit principalement de l\u00e9zards et d&rsquo;une proportion variable de micromammif\u00e8res. Elle chasse aussi les oisillons, d&rsquo;autres serpents (voire des membres de sa propre esp\u00e8ce) et des grenouilles. C&rsquo;est un animal tr\u00e8s rapide, chassant \u00e0 vue.<\/span><\/p>\n<p class=\"western\"><span style=\"font-size: small;\"><span style=\"font-size: large;\">La <\/span><span style=\"font-size: large;\"><u><b>couleuvre verte et jaune (coluber viridiflavus)<\/b><\/u><\/span><\/span><\/p>\n<p class=\"western\"><span style=\"font-size: large;\">La <u><b>couleuvre \u00e0 collier (natrix natrix)<\/b><\/u><\/span><\/p>\n<p class=\"western\"><span style=\"font-size: large;\">La <u><b>couleuvre d&rsquo;Esculape (Elaphe longissima)<\/b><\/u><\/span><\/p>\n<p class=\"western\"><span style=\"font-size: large;\">C&rsquo;est la plus \u00e9lanc\u00e9e de nos couleuvres. Le dos est couleur bronze. Elle peut mesurer jusqu&rsquo;\u00e0 2 m.<\/span><\/p>\n<p class=\"western\"><span style=\"font-size: large;\">Elle fr\u00e9quente volontiers les ruines. Elle est absente du nord de la Loire et de la Corse.<\/span><\/p>\n<p class=\"western\"><span style=\"font-size: large;\">C&rsquo;est elle qui figure sur le caduc\u00e9e du m\u00e9decin.<\/span><\/p>\n<p class=\"western\"><span style=\"font-size: large;\">La <u><b>couleuvre \u00e0 \u00e9chelons (Elaphe scalaris)<\/b><\/u><\/span><\/p>\n<p class=\"western\"><span style=\"font-size: large;\">Silhouette \u00e9lanc\u00e9e, couleur brune, \u00e0 marron orang\u00e9 avec des barres longitudinales fines et fonc\u00e9es. Elle chasse volontiers dans les arbres. Pr\u00e9sente uniquement dans le Sud-Est, sauf en Corse.<\/span><\/p>\n<p class=\"western\"><span style=\"font-size: large;\">La <u><b>couleuvre vip\u00e9rine (Natrix maura)<\/b><\/u><\/span><\/p>\n<p class=\"western\"><span style=\"font-size: large;\">Elle ressemble \u00e0 une vip\u00e8re.<\/span><\/p>\n<p class=\"western\"><span style=\"font-size: large;\">Elle est de petite taille. Moyenne : 70 cm, maximum : 1 m.<\/span><\/p>\n<p class=\"western\"><span style=\"font-size: large;\">Elle a un corps massif termin\u00e9 par une queue effil\u00e9e.<\/span><\/p>\n<p class=\"western\"><span style=\"font-size: large;\">Elle a une livr\u00e9e semblable \u00e0 celle d&rsquo;une vip\u00e8re avec des \u00e9cailles car\u00e9n\u00e9es sur un dos de couleur allant du vert au marron et surlign\u00e9e de taches noires formant une ligne en zigzag.<\/span><\/p>\n<p class=\"western\"><span style=\"font-size: large;\">En plus de ces aspects vip\u00e9rins, sa t\u00eate, dans certaines circonstances peut appara\u00eetre comme \u00e9tant, \u00e0 l&rsquo;instar des vip\u00e8res, triangulaire.<\/span><\/p>\n<p class=\"western\"><span style=\"font-size: large;\">Elle r\u00e9pond aux agressions en se dressant et en \u00e9mettant un liquide naus\u00e9abond. Elle est pr\u00e9sente en France au sud de la Loire.<\/span><\/p>\n<p class=\"western\"><span style=\"font-size: large;\">La <u><b>couleuvre de Montpellier (Malpolon monspessulanus)<\/b><\/u><\/span><\/p>\n<p class=\"western\"><span style=\"font-size: large;\">C&rsquo;est le plus gros serpent vivant en France M\u00e9tropolitaine.<\/span><\/p>\n<p class=\"western\"><span style=\"font-size: large;\">Elle peut mesurer jusqu&rsquo;\u00e0 2,30 m.<\/span><\/p>\n<p class=\"western\"><span style=\"font-size: large;\">Elle poss\u00e8de des crochets \u00e0 venin qui pourraient \u00eatre dangereux mais ceux-ci sont situ\u00e9s \u00e0 l&rsquo;arri\u00e8re de la gorge, ce qui les rend inoffensifs.<\/span><\/p>\n<p class=\"western\"><span style=\"font-size: large;\">En cas d&rsquo;agression, elle est tr\u00e8s impressionnante, elle se dresse et fait face comme le ferait un cobra.<\/span><\/p>\n<p class=\"western\"><span style=\"font-size: large;\">Sa robe, adapt\u00e9e au camouflage dans les pierres et les herbes s\u00e8ches varie du marron au jaune paille.<\/span><\/p>\n<p class=\"western\"><span style=\"font-size: large;\">Elle est pr\u00e9sente dans toute la r\u00e9gion m\u00e9diterran\u00e9enne \u00e0 l&rsquo;exception de la Corse.<\/span><\/p>\n<p class=\"western\"><span style=\"font-size: large;\">17\/06\/2019<\/span><\/p>\n<p class=\"western\"><span style=\"font-size: large;\">Une couleuvre, qui habitait dans le mur entre la planche du haut et celle du dessous a \u00e9t\u00e9 tu\u00e9e accidentellement par la chute d\u2019une pierre lors des travaux de r\u00e9fection du dit mur.<\/span><\/p>\n<p class=\"western\"><span style=\"font-size: large;\">28\/10\/2019<\/span><\/p>\n<p class=\"western\"><span style=\"font-size: small;\"><span style=\"font-size: large;\">Une couleuvre \u00e9cras\u00e9e sur le chemin \u00e0 hauteur du 2<\/span><sup><span style=\"font-size: large;\">nd<\/span><\/sup><span style=\"font-size: large;\"> olivier en partant du haut Plut\u00f4t jeune, 98 cm, 190g.<\/span><\/span><\/p>\n<p class=\"western\"><a href=\"http:\/\/arcadia.cuerq.net\/wp-content\/uploads\/2020\/10\/Couleuvre3-scaled.jpg\"><img decoding=\"async\" loading=\"lazy\" class=\"aligncenter size-full wp-image-313\" src=\"http:\/\/arcadia.cuerq.net\/wp-content\/uploads\/2020\/10\/Couleuvre3-scaled.jpg\" alt=\"\" width=\"2560\" height=\"1019\" srcset=\"https:\/\/arcadia.cuerq.net\/wp-content\/uploads\/2020\/10\/Couleuvre3-scaled.jpg 2560w, https:\/\/arcadia.cuerq.net\/wp-content\/uploads\/2020\/10\/Couleuvre3-300x119.jpg 300w, https:\/\/arcadia.cuerq.net\/wp-content\/uploads\/2020\/10\/Couleuvre3-1024x408.jpg 1024w, https:\/\/arcadia.cuerq.net\/wp-content\/uploads\/2020\/10\/Couleuvre3-768x306.jpg 768w, https:\/\/arcadia.cuerq.net\/wp-content\/uploads\/2020\/10\/Couleuvre3-1536x611.jpg 1536w, https:\/\/arcadia.cuerq.net\/wp-content\/uploads\/2020\/10\/Couleuvre3-2048x815.jpg 2048w\" sizes=\"(max-width: 2560px) 100vw, 2560px\" \/><\/a><\/p>\n<p class=\"western\"><span style=\"font-size: large;\">02\/06\/2020 en d\u00e9but d\u2019apr\u00e8s-midi, marchant au bord de la planche des limettiers, recouverte d\u2019herbe coup\u00e9e s\u00e8che, j\u2019ai fait fuir une couleuvre qui devait bronzer au soleil. Une couleuvre d\u2019une taille jamais rencontr\u00e9e jusqu\u2019ici. Dans les 45mm de diam\u00e8tre (estim\u00e9, je n\u2019ai bien s\u00fbr pas pu la mesurer), je dirais plus de 2m de long. Gris-jaune. La vision a \u00e9t\u00e9 fugitive, elle s\u2019est pr\u00e9cipit\u00e9e dans un trou du mur de restanque voisin, construit en pierres s\u00e8ches. Je n\u2019ai pas eu le temps de faire une photo. J\u2019ai install\u00e9 la cam\u00e9ra en face du trou, dans l\u2019espoir d\u2019avoir un jour son portrait. La chatte \u00e9tait arriv\u00e9e entre temps. Elle est all\u00e9e renifler bizarrement devant le trou o\u00f9 avait disparu la couleuvre. Intrigu\u00e9, je suis all\u00e9 voir de plus pr\u00e8s. Dans l\u2019herbe, j\u2019ai cru voir une mue de couleuvre. Je l\u2019ai ramass\u00e9e, il ne s\u2019agissait pas d\u2019une mue mais bien d\u2019une couleuvre morte, morte depuis quelque temps parce qu\u2019il n\u2019en restait que les os et la peau.<\/span><\/p>\n<p class=\"western\"><span style=\"font-size: large;\">Les voisins nous avaient donn\u00e9 une mue, quelques jours plus t\u00f4t.<\/span><\/p>\n<p class=\"western\"><span style=\"font-size: large;\">Mise \u00e0 jour au 09\/10\/2020<\/span><\/p>\n<div id=\"sdfootnote1\">\n<p class=\"sdfootnote-western\"><a class=\"sdfootnotesym\" href=\"#sdfootnote1anc\" name=\"sdfootnote1sym\">1<\/a> Ou exuvies<\/p>\n<\/div>\n","protected":false},"excerpt":{"rendered":"<p>Dans le verger, on a de temps en temps l\u2019occasion d\u2019apercevoir des serpents. Autant que je sache, parce que je suis pas capable de les identifier avec certitude, il s\u2019agit toujours de couleuvres. Je ne pense pas avoir jamais vu de vip\u00e8res ici, au verger \u00e0 Vallauris. En jardinant, on d\u00e9couvre de temps en temps &hellip; <a href=\"https:\/\/arcadia.cuerq.net\/?page_id=310\" class=\"more-link\">Continuer la lecture de <span class=\"screen-reader-text\">Couleuvres<\/span>  <span class=\"meta-nav\">&rarr;<\/span><\/a><\/p>\n","protected":false},"author":2,"featured_media":0,"parent":0,"menu_order":0,"comment_status":"closed","ping_status":"closed","template":"","meta":[],"_links":{"self":[{"href":"https:\/\/arcadia.cuerq.net\/index.php?rest_route=\/wp\/v2\/pages\/310"}],"collection":[{"href":"https:\/\/arcadia.cuerq.net\/index.php?rest_route=\/wp\/v2\/pages"}],"about":[{"href":"https:\/\/arcadia.cuerq.net\/index.php?rest_route=\/wp\/v2\/types\/page"}],"author":[{"embeddable":true,"href":"https:\/\/arcadia.cuerq.net\/index.php?rest_route=\/wp\/v2\/users\/2"}],"replies":[{"embeddable":true,"href":"https:\/\/arcadia.cuerq.net\/index.php?rest_route=%2Fwp%2Fv2%2Fcomments&post=310"}],"version-history":[{"count":1,"href":"https:\/\/arcadia.cuerq.net\/index.php?rest_route=\/wp\/v2\/pages\/310\/revisions"}],"predecessor-version":[{"id":315,"href":"https:\/\/arcadia.cuerq.net\/index.php?rest_route=\/wp\/v2\/pages\/310\/revisions\/315"}],"wp:attachment":[{"href":"https:\/\/arcadia.cuerq.net\/index.php?rest_route=%2Fwp%2Fv2%2Fmedia&parent=310"}],"curies":[{"name":"wp","href":"https:\/\/api.w.org\/{rel}","templated":true}]}}