{"id":171,"date":"2017-12-01T20:20:20","date_gmt":"2017-12-01T19:20:20","guid":{"rendered":"http:\/\/laruche.cuerq.net\/?page_id=171"},"modified":"2018-01-02T15:50:08","modified_gmt":"2018-01-02T14:50:08","slug":"interview","status":"publish","type":"page","link":"https:\/\/arcadia.cuerq.net\/?page_id=171","title":{"rendered":"&#8211; Interview d&rsquo;un arbre d&rsquo;Arcadia"},"content":{"rendered":"<h3>Interview de Sylvestre Orange, arbre fruitier d\u2019Arcadia, par notre envoy\u00e9 sp\u00e9cial Rapha\u00ebl Yves-Marie.<\/h3>\n<p>RYM&gt; Alors M. Orange, comment trouvez-vous la terre o\u00f9 vous habitez\u00a0?<\/p>\n<p>S&gt; Vous savez, par nature, je pr\u00e9f\u00e8re la terre l\u00e9g\u00e8re et l\u00e9g\u00e8rement acide, alors qu&rsquo;ici elle est plut\u00f4t lourde et calcaire. Mais on ne choisit pas ses racines ; il faut bien faire avec ce qu&rsquo;on a, alors autant le faire dans la bonne humeur. Je me suis adapt\u00e9.<\/p>\n<p>RYM&gt; Est-ce votre terre natale ?<\/p>\n<p>S&gt; Non, je suis n\u00e9 en Corse [en 1985], je dois dire que la terre y \u00e9tait meilleure, elle avait un bon petit go\u00fbt acidul\u00e9. Plus tard je suis venu me planter \u00e0 Vallauris [en 1988]. M\u00eame si la terre est un peu moins bonne, m\u00eame si l&rsquo;hiver il fait un peu plus frisquet ici, je ne regrette pas d&rsquo;avoir d\u00e9m\u00e9nag\u00e9, l&rsquo;endroit est ensoleill\u00e9, calme et tranquille. Il n&rsquo;y a pas trop de cailloux dans la terre. Et on est bien consid\u00e9r\u00e9s.<\/p>\n<p>RYM&gt; Et donc au sujet de l\u2019entretien de cette terre par les propri\u00e9taires\u00a0?<\/p>\n<p>S&gt; Moi et mes coll\u00e8gues sommes totalement satisfaits. Avant [2008], on pouvait se plaindre de l\u2019odeur du motoculteur, qui de plus nous faisait quelque peu mal aux cheveux, mais depuis que l\u2019on nous fournit du BRF, il n\u2019y a plus rien \u00e0 dire. Le motoculteur n&rsquo;a plus droit de cit\u00e9 au verger. Solution bio, nos petites branches nous disent que nous sommes un peu des privil\u00e9gi\u00e9s.<\/p>\n<p>RYM&gt; Je vois que vous \u00eates bien entour\u00e9, c\u2019est votre famille\u00a0?<\/p>\n<p>S&gt; Oui, je la consid\u00e8re comme telle en tout cas. Apr\u00e8s tout, on fait le m\u00eame m\u00e9tier, on vit ensemble toute l&rsquo;ann\u00e9e, forc\u00e9ment, \u00e7a cr\u00e9e des liens.<\/p>\n<p>RYM&gt; Quelques commentaires sur le climat\u00a0?<\/p>\n<p>S&gt; Chaud, et sec. Ici on est plut\u00f4t prot\u00e9g\u00e9s du vent. De toute fa\u00e7on, il n&rsquo;y en a pas beaucoup. Il pleut rarement en \u00e9t\u00e9, parfois on tire la langue, et notre cultivateur est un peu radin, il nous arrose au compte-gouttes.<\/p>\n<p>RYM&gt; Au sujet de la taille, des commentaires\u00a0?<\/p>\n<p>S&gt; Sa coupe est toujours parfaite, mais on aimerait parfois un peu plus de fantaisie ; hier encore, il m\u2019a refus\u00e9 l\u2019iroquoise, et Silvy l\u00e0-bas r\u00eave d\u2019avoir le feuillage long.<\/p>\n<p>RYM&gt; Vous recevez beaucoup de visites, des insectes, des animaux ?<\/p>\n<p>S&gt; Oui, j&rsquo;ai m\u00eame des locataires \u00e0 demeure, il faut dire que les loyers sont tr\u00e8s mod\u00e9r\u00e9s. Beaucoup d&rsquo;insectes habitent chez moi, et aussi des araign\u00e9es de toutes tailles. Les abeilles viennent me rendre visite surtout en mai, quand j&rsquo;ai mes fleurs ; bien s\u00fbr, ce sont des visites int\u00e9ress\u00e9es, mais j&rsquo;aime bien leurs chatouilles. J&rsquo;en ai m\u00eame eu un essaim l&rsquo;ann\u00e9e derni\u00e8re. Mon cultivateur l&rsquo;a rep\u00e9r\u00e9, et remis dans une ruche. Des oiseaux aussi viennent me voir ; les rouges-gorges sont si adorables, toujours pr\u00eats \u00e0 rendre service, que je leur pardonne volontiers de me croquer parfois un locataire ou deux.. J&rsquo;aime moins les pies et les pigeons, trop lourds, ils me tordent les branches. Et si ces primo-arrivants, ces esp\u00e8ces de pseudo-\u00e9cureuils d&rsquo;importation sont des plaies, il en vient beaucoup moins depuis deux ans, je suppose gr\u00e2ce aux chats qui sont plus nombreux dans le verger depuis quelque temps. Il m&rsquo;est arriv\u00e9 aussi de recevoir la visite de serpents. Des couleuvres, bien gentilles. Croyez bien que je n&rsquo;ai pas le temps de m&rsquo;ennuyer.<\/p>\n<p>RYM&gt; Bon je pense que j\u2019ai \u00e9puis\u00e9 mes questions, une derni\u00e8re remarque, un souhait\u00a0?<\/p>\n<p>S&gt; Oui, certains engins m\u00e9caniques, d\u00e9broussailleuse, broyeur, sentent mauvais, et de plus font un bruit tr\u00e8s d\u00e9plaisant. Par chance, ils ne servent pas tous les jours. Je l&rsquo;ai dit \u00e0 mon cultivateur ; lui il met un casque anti-bruit, mais il ne fait rien pour nous les arbres. Il s&rsquo;est content\u00e9 de me r\u00e9pondre qu&rsquo;il cherchait des solutions pour ne plus avoir \u00e0 utiliser ce genre d&rsquo;appareils. J&rsquo;esp\u00e8re qu&rsquo;il trouvera vite.<\/p>\n<p>RYM&gt; Merci beaucoup M. Orange, et bonne continuation.<\/p>\n<p>RYM, de radio-Arcadia<\/p>\n<p>18\/06\/2012<\/p>\n","protected":false},"excerpt":{"rendered":"<p>Interview de Sylvestre Orange, arbre fruitier d\u2019Arcadia, par notre envoy\u00e9 sp\u00e9cial Rapha\u00ebl Yves-Marie. RYM&gt; Alors M. Orange, comment trouvez-vous la terre o\u00f9 vous habitez\u00a0? S&gt; Vous savez, par nature, je pr\u00e9f\u00e8re la terre l\u00e9g\u00e8re et l\u00e9g\u00e8rement acide, alors qu&rsquo;ici elle est plut\u00f4t lourde et calcaire. Mais on ne choisit pas ses racines ; il faut &hellip; <a href=\"https:\/\/arcadia.cuerq.net\/?page_id=171\" class=\"more-link\">Continuer la lecture de <span class=\"screen-reader-text\">&#8211; Interview d&rsquo;un arbre d&rsquo;Arcadia<\/span>  <span class=\"meta-nav\">&rarr;<\/span><\/a><\/p>\n","protected":false},"author":2,"featured_media":0,"parent":0,"menu_order":0,"comment_status":"closed","ping_status":"closed","template":"","meta":[],"_links":{"self":[{"href":"https:\/\/arcadia.cuerq.net\/index.php?rest_route=\/wp\/v2\/pages\/171"}],"collection":[{"href":"https:\/\/arcadia.cuerq.net\/index.php?rest_route=\/wp\/v2\/pages"}],"about":[{"href":"https:\/\/arcadia.cuerq.net\/index.php?rest_route=\/wp\/v2\/types\/page"}],"author":[{"embeddable":true,"href":"https:\/\/arcadia.cuerq.net\/index.php?rest_route=\/wp\/v2\/users\/2"}],"replies":[{"embeddable":true,"href":"https:\/\/arcadia.cuerq.net\/index.php?rest_route=%2Fwp%2Fv2%2Fcomments&post=171"}],"version-history":[{"count":2,"href":"https:\/\/arcadia.cuerq.net\/index.php?rest_route=\/wp\/v2\/pages\/171\/revisions"}],"predecessor-version":[{"id":210,"href":"https:\/\/arcadia.cuerq.net\/index.php?rest_route=\/wp\/v2\/pages\/171\/revisions\/210"}],"wp:attachment":[{"href":"https:\/\/arcadia.cuerq.net\/index.php?rest_route=%2Fwp%2Fv2%2Fmedia&parent=171"}],"curies":[{"name":"wp","href":"https:\/\/api.w.org\/{rel}","templated":true}]}}