{"id":149,"date":"2017-12-01T20:06:40","date_gmt":"2017-12-01T19:06:40","guid":{"rendered":"http:\/\/laruche.cuerq.net\/?page_id=149"},"modified":"2018-01-02T15:52:42","modified_gmt":"2018-01-02T14:52:42","slug":"predateurs","status":"publish","type":"page","link":"https:\/\/arcadia.cuerq.net\/?page_id=149","title":{"rendered":"&#8211; Manger et \u00eatre mang\u00e9"},"content":{"rendered":"<h1 align=\"CENTER\">MANGER et ETRE MANGE,<\/h1>\n<h1 align=\"CENTER\">ou RAVAGEURS, PREDATEURS et AUXILIAIRES<\/h1>\n<p class=\"western\"><span style=\"font-size: large;\">Pour parler des m\u00e9canismes naturels qui r\u00e9gulent le fonctionnement du verger, il est n\u00e9cessaire de faire un peu de terminologie\u00a0:<\/span><\/p>\n<p class=\"western\"><span style=\"font-size: large;\">L\u2019insecte qui vient d\u00e9t\u00e9riorer nos r\u00e9coltes est un RAVAGEUR, \u00e0 moins que ses m\u00e9faits ne soient mineurs, auquel cas \u00ab\u00a0ravageur\u00a0\u00bb \u00e9tant exag\u00e9r\u00e9, ce sera un simple d\u00e9pr\u00e9dateur, h\u00f4te de nos arbres.<\/span><\/p>\n<p class=\"western\"><span style=\"font-size: large;\">On a donc dans les arbres de vilains RAVAGEURS qui menacent les fruits que nous essayons d\u2019obtenir pour nous, pas pour eux, non mais sans blague. S\u2019ils sont nombreux et seuls, non frein\u00e9s par des AUXILIAIRES, on va peut-\u00eatre avoir un probl\u00e8me. En fait, heureusement, ils ne sont pas seuls, il y a aussi de gentils PREDATEURS pr\u00eats \u00e0 les d\u00e9vorer, ou peut-\u00eatre d\u00e9j\u00e0 en train de le faire, sous nos yeux, sans que nous nous en doutions.<\/span><\/p>\n<p class=\"western\"><span style=\"font-size: large;\">Le PREDATEUR mange directement l\u2019insecte \u00ab\u00a0pr\u00e9dat\u00e9\u00a0\u00bb, pour sa propre nourriture ou pour nourrir ses larves. Ce sont de v\u00e9ritables tigres. Quand ils sont l\u00e0, tout y passe. Ils ne s\u2019en vont que quand ils ont bien nettoy\u00e9 le fond du plat, lorsqu\u2019il ne reste absolument plus rien \u00e0 manger. Ils nous ignorent royalement, mais nous apportent une aide oh combien pr\u00e9cieuse, il importe donc au plus haut point que nous ne leur fassions pas de mis\u00e8res. Revers de la m\u00e9daille, le gentil PREDATEUR est souvent migrateur\u00a0; quand il a fini de nettoyer quelque part, il n\u2019a plus rien \u00e0 manger et donc doit aller rechercher ailleurs les populations d\u2019insectes dont il se nourrit.<\/span><\/p>\n<p class=\"western\"><span style=\"font-size: large;\">Mais quand le PREDATEUR est parti, il reste une protection au verger, parfois d\u2019ailleurs concurrente, ce sont les PARASITES.<\/span><\/p>\n<p class=\"western\"><span style=\"font-size: large;\">Les PARASITES sont de petits insectes qui, au sein de la nature, maintiennent un \u00e9quilibre toujours compromis, toujours fluctuant, mais toujours pr\u00e9sent. C\u2019est un peu comme la surface de l\u2019eau dans laquelle on jette des pierres\u00a0; elle redevient toujours horizontale, jusqu\u2019au moment o\u00f9 les pierres \u00e9tant devenues trop nombreuses, il n\u2019y a plus assez d\u2019eau. De m\u00eame, l\u2019\u00e9quilibre de la nature est un m\u00e9canisme d\u00e9licat qu\u2019on ne peut pas perturber ind\u00e9finiment. Les PARASITES sont essentiellement diff\u00e9rents des PREDATEURS\u00a0: ils ne tuent pas leurs proies. Ils d\u00e9posent sur elles, ou \u00e0 l\u2019int\u00e9rieur, des \u0153ufs qui, \u00e0 l\u2019\u00e9closion, p\u00e9n\u00e8trent, s\u2019ils n\u2019y sont d\u00e9j\u00e0, dans le RAVAGEUR. Ce RAVAGEUR, puceron ou chenille, par exemple, continuera \u00e0 vivre avec, dans le corps, des larves qui le rongeront peu \u00e0 peu. L\u2019insecte parasit\u00e9 meurt avant d\u2019avoir pu se reproduire\u00a0; c\u2019est le PARASITE qui se reproduit \u00e0 ses d\u00e9pens.<\/span><\/p>\n<p class=\"western\"><span style=\"font-size: large;\">On ne voit pas les PARASITES, mais ils n\u2019en agissent pas moins. Prenons l\u2019exemple d\u2019une colonie de pucerons parasit\u00e9e\u00a0: elle lib\u00e9rera les PARASITES, qui prot\u00e9geront les plantes environnantes. Ou encore, des chenilles d\u00e9vorant des adventices pourront porter en elles des millions de larves donnant autant de micro-gu\u00eapes utiles.<\/span><\/p>\n<p class=\"western\"><span style=\"font-size: large;\">A priori, il est difficile de dire, lors de l\u2019infestation d\u2019une culture par un RAVAGEUR, et en l\u2019absence de PREDATEURS, si des PARASITES sont pr\u00e9sents. Le sp\u00e9cialiste, qu\u2019on appelle l\u2019entomologiste, sait d\u00e9couvrir les auxiliaires les plus cach\u00e9s\u00a0; tout un chacun peut apprendre \u00e0 d\u00e9celer les principaux d\u2019entre eux.<\/span><\/p>\n<p class=\"western\"><span style=\"font-size: large;\">Nous avons vu ci-avant que les PARASITES vivent, \u00e0 l\u2019\u00e9tat larvaire, \u00e0 l\u2019int\u00e9rieur de leur h\u00f4te. Si donc toutes les femelles de PARASITES voient leur descendance \u00e9voluer favorablement, les populations du RAVAGEUR doivent d\u00e9cro\u00eetre rapidement et dispara\u00eetre. Pourtant, on constate que ce n\u2019est pas le cas\u00a0; non seulement ces populations ne disparaissent pas, mais elles prosp\u00e8rent, avec, cependant, des fluctuations, souvent importantes, qui peuvent les faire r\u00e9gresser pendant un certain temps. Comment cela est-il possible\u00a0? C\u2019est bien simple, si l\u2019on peut dire, puisqu\u2019en fait l\u2019explication en est que le sch\u00e9ma de fonctionnement est en r\u00e9alit\u00e9 un peu plus compliqu\u00e9\u00a0; voire beaucoup plus compliqu\u00e9\u00a0:<\/span><\/p>\n<p class=\"western\"><span style=\"font-size: large;\">D\u2019une part, si le RAVAGEUR disparaissait compl\u00e8tement, le PREDATEUR dont c\u2019est la nourriture exclusive disparaitra\u00eet en m\u00eame temps\u00a0; dans ce sch\u00e9ma, quand la population du RAVAGEUR a diminu\u00e9, celle du PREDATEUR \u00ab\u00a0exclusif\u00a0\u00bb ne va pas tarder \u00e0 diminuer \u00e9galement, laissant la place \u00e0 un retour du RAVAGEUR, etc.<\/span><\/p>\n<p class=\"western\"><span style=\"font-size: large;\">D\u2019autre part, et surtout, si un RAVAGEUR est parasit\u00e9, son PARASITE, \u00e0 son tour, peut faire l\u2019objet d\u2019un parasitisme, et ainsi de suite, une, deux, trois, quatre, etc., fois. Il s\u2019agit d\u2019une cha\u00eene alimentaire. Par exemple, une cochenille tortue sera mang\u00e9e par la chenille d\u2019un petit papillon nocturne (tout semblable \u00e0 une noctuelle ravageuse) dont ce sera le r\u00e9gime exclusif. Mais une petite gu\u00eape d\u2019un demi-millim\u00e8tre pourra vivre en PARASITE aux d\u00e9pens des \u0153ufs de ce papillon. Si certains \u0153ufs peuvent \u00e9clore, pendant que les chenilles mangeront des cochenilles, elles seront peut-\u00eatre attaqu\u00e9es par des mouches parasites dont les larves les rongeront peu \u00e0 peu \u00e0 l\u2019int\u00e9rieur, puis, les tuant, se transformeront en pupes. Ces pupes pourront, bien entendu, donner de nouvelles mouches qui iront attaquer d\u2019autres chenilles, mais elles pourront, en partie, \u00eatre elles-m\u00eames parasit\u00e9es par une petite gu\u00eape qui pondra \u00e0 l\u2019int\u00e9rieur de ces pupes. Le parasite du parasite a \u00e9t\u00e9 nomm\u00e9 HYPER-PARASITE (au 1<\/span><sup><span style=\"font-size: large;\">er<\/span><\/sup><span style=\"font-size: large;\">, 2<\/span><sup><span style=\"font-size: large;\">\u00e8me<\/span><\/sup><span style=\"font-size: large;\">, 3<\/span><sup><span style=\"font-size: large;\">\u00e8me<\/span><\/sup><span style=\"font-size: large;\">\u00a0degr\u00e9, etc.).<\/span><\/p>\n<p class=\"western\"><span style=\"font-size: large;\">A tous les stades et niveaux parasitaires, il peut toujours se trouver un pr\u00e9dateur, passant l\u00e0 par hasard, qui mangera tout le monde\u2026<\/span><\/p>\n<p class=\"western\"><span style=\"font-size: large;\">Et ce sch\u00e9ma est encore simple, mais montre d\u00e9j\u00e0 que la m\u00e9canique de la vie est extr\u00eamement complexe, et que toute intervention qui peut sembler b\u00e9nigne (par exemple, emploi limit\u00e9 dans le temps et dans l\u2019espace d\u2019un insecticide ou autre produit consid\u00e9r\u00e9 comme peu toxique, m\u00eame un engrais<\/span><sup><span style=\"font-size: large;\"><a class=\"sdfootnoteanc\" href=\"http:\/\/arcadia.cuerq.net\/index.php?Page=11.Manger_et_%C3%AAtre_mang%C3%A9.html#sdfootnote1sym\" name=\"sdfootnote1anc\">1<\/a><\/span><\/sup><span style=\"font-size: large;\">) peut d\u00e9s\u00e9quilibrer enti\u00e8rement la totalit\u00e9 de l\u2019\u00e9difice. Car si la plupart des pr\u00e9dateurs mangent n\u2019importe quoi, certains sont sp\u00e9cialis\u00e9s sur un seul ordre d\u2019insectes. Parmi les pr\u00e9dateurs indiff\u00e9rents, on peut citer les oiseaux, qui mangent tout ce qui vole ou rampe. Beaucoup de parasites attaquent une seule famille d\u2019insectes\u00a0; certains sont inf\u00e9od\u00e9s \u00e0 une seule esp\u00e8ce.<\/span><\/p>\n<p class=\"western\"><span style=\"font-size: large;\">G\u00e9rer la totalit\u00e9 de ces param\u00e8tres qui \u00e9voluent en permanence ne me semble pas \u00e0 la port\u00e9e d\u2019un agriculteur \u00ab\u00a0normal\u00a0\u00bb, ni d\u2019ailleurs, je le crains, de personne d\u2019autre. L\u2019ignorer ou, ce qui revient au m\u00eame, ne pas en tenir compte, c\u2019est jouer \u00e0 l\u2019apprenti sorcier<\/span><sup><span style=\"font-size: large;\"><a class=\"sdfootnoteanc\" href=\"http:\/\/arcadia.cuerq.net\/index.php?Page=11.Manger_et_%C3%AAtre_mang%C3%A9.html#sdfootnote2sym\" name=\"sdfootnote2anc\">2<\/a><\/span><\/sup><span style=\"font-size: large;\">. C\u2019est pourquoi il convient d\u2019\u00e9viter absolument de d\u00e9verser dans un milieu de culture<\/span><sup><span style=\"font-size: large;\"><a class=\"sdfootnoteanc\" href=\"http:\/\/arcadia.cuerq.net\/index.php?Page=11.Manger_et_%C3%AAtre_mang%C3%A9.html#sdfootnote3sym\" name=\"sdfootnote3anc\">3<\/a><\/span><\/sup><span style=\"font-size: large;\">, en particulier, tout produits en \u00ab\u00a0cide\u00a0\u00bb (insecticide, pesticide, fongicide, etc.). De tout ce qui pr\u00e9c\u00e8de, on pourrait en tirer la conclusion que le mieux est encore de ne rien faire et que pour le reste, la nature y pourvoira. Ce serait un trop simpliste. Il n\u2019est pas question de nourrir la population de la plan\u00e8te en cueillant des fruits ou racines sauvages. Et il ne faut pas non plus oublier qu\u2019un milieu de culture n\u2019est pas, n\u2019est plus un milieu naturel, l\u2019homme \u00e9tant intervenu afin d\u2019obtenir le r\u00e9sultat qu\u2019il recherche. Mais son intervention doit se limiter au minimum indispensable<\/span><sup><span style=\"font-size: large;\"><a class=\"sdfootnoteanc\" href=\"http:\/\/arcadia.cuerq.net\/index.php?Page=11.Manger_et_%C3%AAtre_mang%C3%A9.html#sdfootnote4sym\" name=\"sdfootnote4anc\">4<\/a><\/span><\/sup><span style=\"font-size: large;\">\u00a0(il faut bien s\u00fbr au moins semer\u2026). Le dit minimum indispensable d\u00e9pendant du type de culture, du lieu et du climat, des caract\u00e9ristiques du sol\u2026 Toute grosse erreur qui d\u00e9s\u00e9quilibrerait le rapport entre RAVAGEURS-PREDATEURS-PARASITES risquerait de d\u00e9truire pour des ann\u00e9es l\u2019ensemble de l\u2019\u00e9difice, n\u00e9cessitant l\u2019emploi de nouveaux produits qui d\u00e9s\u00e9quilibrent encore un peu plus l\u2019\u00e9cosyst\u00e8me et retardent le retour \u00e0 un \u00e9quilibre naturel.<\/span><\/p>\n<p class=\"western\"><span style=\"font-size: large;\">Si l\u2019absence de traitements peut pr\u00e9senter des inconv\u00e9nients tels par exemple que la diminution de la production (une partie en \u00e9tant laiss\u00e9e aux ravageurs, on dira que c\u2019est la \u00ab\u00a0part du feu\u00a0\u00bb, on y trouvera en compensation une \u00e9conomie sur l\u2019achat des produits devenus inutiles, et sur le temps de main d\u2019\u0153uvre, sans parler des effets b\u00e9n\u00e9fiques, bien s\u00fbr absolument pas secondaires, sur la sant\u00e9 des producteurs et des consommateurs, et la pr\u00e9servation de l\u2019environnement.<\/span><\/p>\n<p class=\"western\"><span style=\"font-size: large;\">Bernard &amp; Bernard<\/span><\/p>\n<p class=\"western\"><span style=\"font-size: large;\">mise \u00e0 jour au 2 mai 2011<\/span><\/p>\n<p><span style=\"font-size: large;\">Toute information confirmant ou infirmant le texte ci-avant est bienvenue. Merci d\u2019envoyer tout commentaire \u00e0 l\u2019adresse\u00a0<span style=\"color: #0000ff;\"><u><a href=\"mailto:arcadia@cuerq.net\">arcadia@cuerq.net<\/a><\/u><\/span>.<\/span><\/p>\n<hr \/>\n<div id=\"sdfootnote1\">\n<p class=\"sdfootnote-western\"><a class=\"sdfootnotesym\" href=\"http:\/\/arcadia.cuerq.net\/index.php?Page=11.Manger_et_%C3%AAtre_mang%C3%A9.html#sdfootnote1anc\" name=\"sdfootnote1sym\">1<\/a>\u00a0Fukuoka cite dans un de ses livres la cons\u00e9quence impr\u00e9vue et n\u00e9gative du simple \u00e9pandage de cendre de bois sur un champ.<\/p>\n<\/div>\n<div id=\"sdfootnote2\">\n<p class=\"sdfootnote-western\"><a class=\"sdfootnotesym\" href=\"http:\/\/arcadia.cuerq.net\/index.php?Page=11.Manger_et_%C3%AAtre_mang%C3%A9.html#sdfootnote2anc\" name=\"sdfootnote2sym\">2<\/a>\u00a0cf le texte original du po\u00ebme de Goethe \u00ab\u00a0L\u2019apprenti-sorcier\u00a0\u00bb, ou le dessin anim\u00e9 de Walt Disney, ou une autre version, as you like.<\/p>\n<\/div>\n<div id=\"sdfootnote3\">\n<p class=\"sdfootnote-western\"><a class=\"sdfootnotesym\" href=\"http:\/\/arcadia.cuerq.net\/index.php?Page=11.Manger_et_%C3%AAtre_mang%C3%A9.html#sdfootnote3anc\" name=\"sdfootnote3sym\">3<\/a>\u00a0Voire ailleurs, mais ce n\u2019est pas le sujet du jour.<\/p>\n<\/div>\n<div id=\"sdfootnote4\">\n<p class=\"sdfootnote-western\"><a class=\"sdfootnotesym\" href=\"http:\/\/arcadia.cuerq.net\/index.php?Page=11.Manger_et_%C3%AAtre_mang%C3%A9.html#sdfootnote4anc\" name=\"sdfootnote4sym\">4<\/a>\u00a0Personnellement, cette id\u00e9e me pla\u00eet bien, moins j\u2019en fais, mieux je me porte\u2026 Vu sous cet angle, on peut choisir de bien faire (i.e. ne pas traiter, entre autres) pour de mauvaises raisons (c\u2019est moins de travail \u00e0 faire\u2026), dans la m\u00eame logique que le pari de Pascal.<\/p>\n<\/div>\n","protected":false},"excerpt":{"rendered":"<p>MANGER et ETRE MANGE, ou RAVAGEURS, PREDATEURS et AUXILIAIRES Pour parler des m\u00e9canismes naturels qui r\u00e9gulent le fonctionnement du verger, il est n\u00e9cessaire de faire un peu de terminologie\u00a0: L\u2019insecte qui vient d\u00e9t\u00e9riorer nos r\u00e9coltes est un RAVAGEUR, \u00e0 moins que ses m\u00e9faits ne soient mineurs, auquel cas \u00ab\u00a0ravageur\u00a0\u00bb \u00e9tant exag\u00e9r\u00e9, ce sera un simple &hellip; <a href=\"https:\/\/arcadia.cuerq.net\/?page_id=149\" class=\"more-link\">Continuer la lecture de <span class=\"screen-reader-text\">&#8211; Manger et \u00eatre mang\u00e9<\/span>  <span class=\"meta-nav\">&rarr;<\/span><\/a><\/p>\n","protected":false},"author":2,"featured_media":0,"parent":0,"menu_order":0,"comment_status":"closed","ping_status":"closed","template":"","meta":[],"_links":{"self":[{"href":"https:\/\/arcadia.cuerq.net\/index.php?rest_route=\/wp\/v2\/pages\/149"}],"collection":[{"href":"https:\/\/arcadia.cuerq.net\/index.php?rest_route=\/wp\/v2\/pages"}],"about":[{"href":"https:\/\/arcadia.cuerq.net\/index.php?rest_route=\/wp\/v2\/types\/page"}],"author":[{"embeddable":true,"href":"https:\/\/arcadia.cuerq.net\/index.php?rest_route=\/wp\/v2\/users\/2"}],"replies":[{"embeddable":true,"href":"https:\/\/arcadia.cuerq.net\/index.php?rest_route=%2Fwp%2Fv2%2Fcomments&post=149"}],"version-history":[{"count":2,"href":"https:\/\/arcadia.cuerq.net\/index.php?rest_route=\/wp\/v2\/pages\/149\/revisions"}],"predecessor-version":[{"id":215,"href":"https:\/\/arcadia.cuerq.net\/index.php?rest_route=\/wp\/v2\/pages\/149\/revisions\/215"}],"wp:attachment":[{"href":"https:\/\/arcadia.cuerq.net\/index.php?rest_route=%2Fwp%2Fv2%2Fmedia&parent=149"}],"curies":[{"name":"wp","href":"https:\/\/api.w.org\/{rel}","templated":true}]}}