{"id":256,"date":"2018-12-28T15:43:49","date_gmt":"2018-12-28T14:43:49","guid":{"rendered":"http:\/\/arcadia.cuerq.net\/?page_id=256"},"modified":"2018-12-28T15:43:49","modified_gmt":"2018-12-28T14:43:49","slug":"vent-dest-vent-douest","status":"publish","type":"page","link":"https:\/\/arcadia.cuerq.net\/?page_id=256","title":{"rendered":"&#8211; Vent d&rsquo;Est, vent d&rsquo;Ouest"},"content":{"rendered":"<p>Vent d\u2019Est, vent d\u2019Ouest<\/p>\n<p>Au verger, les vents dominants viennent soit d\u2019Est, soit d\u2019Ouest. Les plus courants sont Est-Ouest, ce sont le plus souvent ceux qui nous am\u00e8nent la pluie.<br \/>\nLes vents d\u2019Ouest sont moins courants, les vents du sud, venant de la M\u00e9diterran\u00e9e, sont rares, les vents du Nord quasiment inexistants du fait que le verger occupe le versant Sud-Est d\u2019une colline.<\/p>\n<p>Jusqu\u2019\u00e0 un pass\u00e9 r\u00e9cent, il y avait peu de vent par ici, et il \u00e9tait g\u00e9n\u00e9ralement mod\u00e9r\u00e9. Depuis deux ou trois ans , le ph\u00e9nom\u00e8ne devient plus courant, et de surcro\u00eet plus violent.<\/p>\n<p>Les agrumes sont des arbres r\u00e9put\u00e9s pour ne pas trop aimer le vent. Si l\u2019on consid\u00e8re les arbres qui encadrent le verger \u00e0 l\u2019Est et \u00e0 l\u2019Ouest, force est de constater que le c\u00f4t\u00e9 Est, le plus expos\u00e9 au vent, a beaucoup souffert, alors que le c\u00f4t\u00e9 Ouest est intact.<\/p>\n<p>En partant du Nord, sur la planche du haut (planche 1) :<br \/>\n&#8211; la rang\u00e9e sup\u00e9rieure comportait trois cl\u00e9mentiniers, d\u2019une vari\u00e9t\u00e9 semblable \u00e0 Corsica. Le plus \u00e0 l\u2019Est \u00e9tait petit, le second un peu moins petit, le troisi\u00e8me un peu plus grand. Le plus \u00e0 l\u2019Est est mort, puis plus tard le suivant. Ne reste plus que le plus \u00e9loign\u00e9 du bord, pas bien brillant.<br \/>\n&#8211; La rang\u00e9e inf\u00e9rieure commen\u00e7ait par deux pomelos jaunes, probablement des Marsh. Le plus \u00e0 l\u2019Est \u00e9tait nettement plus petit que son voisin. Mais c\u2019est la construction de la serre qui l\u2019a achev\u00e9.<br \/>\nPlanche 2 :<br \/>\n&#8211; une rang\u00e9e de citronniers, le plus \u00e0 l\u2019Est \u00e9tait petit, il est mort en 2012.<br \/>\nPlanche 3 :<br \/>\n&#8211; rang\u00e9e du haut : un mandarinier, bien faible, rabattu en 2016. Ensuite un petit pomelo jaune, puis un plus grand. Le plus petit est encore c\u00f4t\u00e9 Est, comme les deux pomelos de la rang\u00e9e du dessous. Tout se passe comme si celui qui \u00e9tait expos\u00e9 \u00e0 l\u2019Est prot\u00e9geait son voisin.<br \/>\n&#8211; Rang\u00e9e inf\u00e9rieure : un oranger mort en 2016<br \/>\nPlanche 4 :<br \/>\n&#8211; termin\u00e9e par un cl\u00e9mentinier en assez bon \u00e9tat, peut-\u00eatre prot\u00e9g\u00e9 par la maison du voisin.<br \/>\nPlanche 5 :<br \/>\n&#8211; rang\u00e9e du haut un citronnier en assez bon \u00e9tat. Peut-\u00eatre prot\u00e9g\u00e9 par un olivier et un buisson de datura.<br \/>\n&#8211; Rang\u00e9e du dessous :citronnier coup\u00e9 en 2016, tr\u00e8s malade. Le suivant de la rang\u00e9e est en assez mauvais \u00e9tat, le troisi\u00e8me un peu mieux. On retrouve ce sch\u00e9ma sur d\u2019autres planches, l\u2019arbre le plus \u00e0 l\u2019Est \u00ab fatigu\u00e9 \u00bb, le suivant, prot\u00e9g\u00e9 par le premier, un peu mieux, le troisi\u00e8me, prot\u00e9g\u00e9 par les deux premiers, encore mieux.<br \/>\nPlanche 6 :<br \/>\n&#8211; rang\u00e9e du haut : les deux premiers arbres sont morts.<br \/>\n&#8211; Rang\u00e9e du bas : un cl\u00e9mentinier minuscule, puis un autre un peu plus grand, un tangelo Orlando pas bien grand, puis un Orlando correct.<\/p>\n<p>Planche 7 :<br \/>\n&#8211; rang\u00e9e du haut : exceptionnellement, le premier cl\u00e9mentinier du c\u00f4t\u00e9 Est est plus beau que le second.<br \/>\n&#8211; Rang\u00e9e du milieu : un mandarinier correct.<br \/>\n&#8211; Rang\u00e9e du bas : un mandarinier pas bien brillant. Rang\u00e9e du milieu et rang\u00e9e du bas sont prot\u00e9g\u00e9es du vent par un olivier, qui en contrepartie les prive de soleil.<\/p>\n<p>Planche 8 (des kumquats) :<br \/>\n&#8211; rang\u00e9es haute et basse d\u00e9butent pas un cl\u00e9mentinier en bon \u00e9tat. Un olivier les prot\u00e8ge.<\/p>\n<p>Planche 9 : les 3 rang\u00e9es de cl\u00e9mentiniers n\u2019ont pas de probl\u00e8me particulier.<\/p>\n<p>Planche 10 (cl\u00e9mentiniers Nules) :<br \/>\n&#8211; rang\u00e9e du haut : un cl\u00e9mentinier, en bon \u00e9tat, est prot\u00e9g\u00e9 par olivier<br \/>\n&#8211; Rang\u00e9e du bas : un cl\u00e9mentinier non prot\u00e9g\u00e9, en piteux \u00e9tat.<\/p>\n<p>Planche 11 :<br \/>\n&#8211; rang\u00e9e du haut : un cl\u00e9mentinier pas bien grand dont la moiti\u00e9 Est est morte.<br \/>\n&#8211; Rang\u00e9es 2, 3 et 5 : commencent par des cl\u00e9mentiniers en \u00e9tat moyen (peut-\u00eatre prot\u00e9g\u00e9s par la propri\u00e9t\u00e9 voisine), mais quand m\u00eame moins beaux que les sym\u00e9triques du c\u00f4t\u00e9 Ouest.<br \/>\n&#8211; Rang\u00e9e 4 : un oranger Tarocco bien fatigu\u00e9, qu\u2019il a fallu rabattre il y a trois ans.<br \/>\n&#8211; Rang\u00e9e 6 : un oranger Valencia Late, mort en deux mois l\u2019ann\u00e9e derni\u00e8re.<\/p>\n<p>Conclusion : \u00e0 quelques exceptions pr\u00e8s, il appara\u00eet nettement que la situation en bordure Est est tr\u00e8s d\u00e9favorable. De plus, comme dit plus haut, il est patent que les agrumes ne sont pas r\u00e9put\u00e9s aimer le vent. M\u00eame s\u2019il est difficile d\u2019affirmer avec une certitude absolue que le vent est coupable, et seul coupable, c\u2019est quand m\u00eame troublant, d\u2019autant plus qu\u2019il ne semble pas y avoir d\u2019autre hypoth\u00e8se cr\u00e9dible pour expliquer les probl\u00e8mes du c\u00f4t\u00e9 Est, alors que du c\u00f4t\u00e9 Ouest, il n\u2019y a aucun probl\u00e8me avec les arbres de bordure.<\/p>\n<p>Je retiendrai donc la culpabilit\u00e9, au moins partielle, du vent. Pour am\u00e9liorer la situation, une solution : planter une haie de protection, pour compl\u00e9ter l\u2019effet de protection des oliviers qui quoique centenaires et donc volumineux, sont beaucoup trop espac\u00e9s, et d\u00e9garnis du bas. Une haie pr\u00e9sente aussi l\u2019avantage de pouvoir fournir du BRF. La question : quels v\u00e9g\u00e9taux choisir ? En Corse, des plantations d\u2019agrumes sont prot\u00e9g\u00e9es par des haies de filaos, qui pr\u00e9sentent l\u2019avantage de se laisser traverser pas le vent, tout en lui retirant au passage toute sa vigueur. Les filaos ne me font pas r\u00eaver, et d\u2019ailleurs ne passeraient pas entre les oliviers. De toute fa\u00e7on, je pr\u00e9f\u00e9rerais des buissons si possible \u00e0 fruits comestibles. Recherche en cours. J\u2019aime bien les photinias, c\u2019est beau, et rustique par ici, mais \u00e7a ne produit rien de comestible.<\/p>\n<p>Le dimanche 16 septembre de l\u2019an de gr\u00e2ce 2018, j\u2019ai le sentiment d\u2019avoir fait un grand pas vers une solution satisfaisante. J\u2019ai le concept, il a un nom. A l\u2019occasion de la foire \u00ab Bio et Local, c\u2019est l\u2019id\u00e9al \u00bb, au lyc\u00e9e horticole d\u2019Antibes, j\u2019ai appris l\u2019existence d\u2019un projet en cours dit \u00ab haie gourmande \u00bb. C\u2019est exactement ce que je cherche ! Les essences mises en place ont parfois des noms peu courants : am\u00e9lanchier du Canada, asiminier, argousier, pistachier (l\u2019arbre qui donne des pistaches), feijoa, goji.., Il peut aussi bien s\u2019agir d\u2019arbres, d\u2019arbustes, de lianes. Temps de mise en place pr\u00e9vu : 8 ans\u2026 C\u2019est bien long. Mais surtout, il reste une \u00e9tape \u00e0 franchir, qui pourrait \u00eatre \u00e9liminatoire pour beaucoup sinon, j\u2019esp\u00e8re, pour toutes ces essences ; il me faut des plantes \u00e0 feuillage persistant, adapt\u00e9es aux conditions locales (sol plut\u00f4t argileux et calcaire, climat chaud et sec),<br \/>\nA suivre\u2026<\/p>\n<p>Mise \u00e0 jour au 16\/09\/2018<\/p>\n","protected":false},"excerpt":{"rendered":"<p>Vent d\u2019Est, vent d\u2019Ouest Au verger, les vents dominants viennent soit d\u2019Est, soit d\u2019Ouest. Les plus courants sont Est-Ouest, ce sont le plus souvent ceux qui nous am\u00e8nent la pluie. Les vents d\u2019Ouest sont moins courants, les vents du sud, venant de la M\u00e9diterran\u00e9e, sont rares, les vents du Nord quasiment inexistants du fait que &hellip; <a href=\"https:\/\/arcadia.cuerq.net\/?page_id=256\" class=\"more-link\">Continuer la lecture de <span class=\"screen-reader-text\">&#8211; Vent d&rsquo;Est, vent d&rsquo;Ouest<\/span>  <span class=\"meta-nav\">&rarr;<\/span><\/a><\/p>\n","protected":false},"author":1,"featured_media":0,"parent":0,"menu_order":0,"comment_status":"closed","ping_status":"closed","template":"","meta":[],"_links":{"self":[{"href":"https:\/\/arcadia.cuerq.net\/index.php?rest_route=\/wp\/v2\/pages\/256"}],"collection":[{"href":"https:\/\/arcadia.cuerq.net\/index.php?rest_route=\/wp\/v2\/pages"}],"about":[{"href":"https:\/\/arcadia.cuerq.net\/index.php?rest_route=\/wp\/v2\/types\/page"}],"author":[{"embeddable":true,"href":"https:\/\/arcadia.cuerq.net\/index.php?rest_route=\/wp\/v2\/users\/1"}],"replies":[{"embeddable":true,"href":"https:\/\/arcadia.cuerq.net\/index.php?rest_route=%2Fwp%2Fv2%2Fcomments&post=256"}],"version-history":[{"count":1,"href":"https:\/\/arcadia.cuerq.net\/index.php?rest_route=\/wp\/v2\/pages\/256\/revisions"}],"predecessor-version":[{"id":257,"href":"https:\/\/arcadia.cuerq.net\/index.php?rest_route=\/wp\/v2\/pages\/256\/revisions\/257"}],"wp:attachment":[{"href":"https:\/\/arcadia.cuerq.net\/index.php?rest_route=%2Fwp%2Fv2%2Fmedia&parent=256"}],"curies":[{"name":"wp","href":"https:\/\/api.w.org\/{rel}","templated":true}]}}