{"id":162,"date":"2017-12-01T20:14:47","date_gmt":"2017-12-01T19:14:47","guid":{"rendered":"http:\/\/laruche.cuerq.net\/?page_id=162"},"modified":"2018-01-02T15:45:05","modified_gmt":"2018-01-02T14:45:05","slug":"actus","status":"publish","type":"page","link":"https:\/\/arcadia.cuerq.net\/?page_id=162","title":{"rendered":"&#8211; Verger : Actualit\u00e9s et faits divers"},"content":{"rendered":"<h1 align=\"CENTER\">Actualit\u00e9s et faits divers au verger<\/h1>\n<p><u>1986<\/u> (plantation de 40 arbres), puis <u>1988<\/u> (plantation de 220 arbres)\u00a0: <u>cr\u00e9ation du verger<\/u><\/p>\n<p>2005\u00a0: installation d\u2019arrosage<\/p>\n<p>Mise en place d\u2019un ensemble de tuyaux et vannes permettant l\u2019arrosage des arbres au moyen de goutteurs \u00e0 d\u00e9bit r\u00e9gul\u00e9\u00a0; auparavant, l\u2019arrosage se faisait manuellement, au moyen de tuyaux d\u00e9plac\u00e9s d\u2019un arbre \u00e0 l\u2019autre. Pendant les mois d\u2019\u00e9t\u00e9, il occupait une personne trois jours pleins par semaine. Avec le nouveau syst\u00e8me d\u2019arrosage, il suffit d\u2019ouvrir une vanne le soir, et de la refermer le matin. La quantit\u00e9 d\u2019eau utilis\u00e9e par arbre est beaucoup plus pr\u00e9cise. Outre l\u2019\u00e9conomie de main-d\u2019\u0153uvre, le syst\u00e8me permet une \u00e9conomie d\u2019eau.<\/p>\n<p>17 juin 2005\u00a0: mise en place d\u2019un rucher<\/p>\n<p>La premi\u00e8re ruche a \u00e9t\u00e9 install\u00e9e au rucher, contenant un essaim sauvage rapport\u00e9 de Golfe-Juan. Avec pour objectif prioritaire\u00a0: assurer l\u2019\u00e9quilibre \u00e9cologique au verger. La ruche est une varoise, un mod\u00e8le de taille plut\u00f4t petite, non normalis\u00e9e\u00a0; il faut donc fabriquer soi-m\u00eame les cadres, entre autres. Il est pr\u00e9vu pour le moment de se limiter \u00e0 deux ruches.<\/p>\n<p>2006\u00a0: \u00e9levage de coccinelles<\/p>\n<p>Les coccinelles ne manquent pas au verger\u00a0; au point, par exemple, qu\u2019on n\u2019y voit gu\u00e8re de pucerons\u00a0; quand on s\u2019aper\u00e7oit qu\u2019on a eu une attaque (on le reconna\u00eet aux feuilles recroquevill\u00e9es), les pucerons ont d\u00e9j\u00e0 disparu. Malgr\u00e9 tout, nous avons d\u00e9marr\u00e9 un \u00e9levage de coccinelles en terrarium, \u00e0 titre p\u00e9dagogique, pour nous, et aussi pour montrer aux enfants de l\u2019\u00e9cole de Bernadette, et aux clients, les diff\u00e9rents stades d\u2019\u00e9volution des larves. L\u2019\u00e9levage a tr\u00e8s bien fonctionn\u00e9.<\/p>\n<p>6 f\u00e9vrier 2008\u00a0: achat d\u2019un broyeur<\/p>\n<p>Afin de tester la possibilit\u00e9 de remplacer les engrais par du BRF (Bois Ram\u00e9al Fragment\u00e9), achat d\u2019un broyeur Caravaggi mod\u00e8le Bio 100 d\u2019occasion.<\/p>\n<p>2009\u00a0: essai d\u2019\u00e9levage d\u2019escargots suppos\u00e9s carnivores<\/p>\n<p>Les escargots herbivores font des d\u00e9g\u00e2ts au verger, en s\u2019attaquant aux jeunes arbres\u00a0; ils peuvent les d\u00e9pouiller de toutes leurs feuilles en \u00e9t\u00e9, si l\u2019on n\u2019y prend garde\u00a0; ils font encore plus de d\u00e9g\u00e2ts au potager,<\/p>\n<p>Or un escargot local, dont la coquille est verte, dit \u2018cantareou\u00a0\u00a0\u00bb parce qu\u2019il \u00e9met un bruit en rentrant dans sa coquille quand on le prend en main, est cens\u00e9 \u00eatre carnivore (Bernadette l&rsquo;a constat\u00e9 dans un \u00e9levage d&rsquo;escargots), c\u2019est \u00e0 dire se nourrir de ses cong\u00e9n\u00e8res herbivores. Pour cette raison, un essai d\u2019\u00e9levage en terrarium de ces escargots pr\u00e9sum\u00e9s \u00a0\u00bb\u00a0carnivores\u00a0\u00a0\u00bb a \u00e9t\u00e9 r\u00e9alis\u00e9\u00a0; \u00e7a a \u00e9t\u00e9 un \u00e9chec total.<\/p>\n<p>28 d\u00e9cembre 2009\u00a0: certification bio<\/p>\n<p>Une proc\u00e9dure de certification bio a \u00e9t\u00e9 initialis\u00e9e fin 2009\u00a0; la certification bio devrait permettre de vendre plus facilement les citrons, les ann\u00e9es o\u00f9 la production est importante, comme l\u2019hiver 2009-2010.<\/p>\n<p>La certification bio ne changera en rien les pratiques culturales actuelles, puisque depuis fort longtemps, il n\u2019est utilis\u00e9 au verger ni engrais chimiques ni produits de traitements. Comme engrais, sont utilis\u00e9s conjointement des engrais bio de type NPK (Dix et Duetto), et du BRF (Bois Ram\u00e9al Fragment\u00e9), produit sur place avec les v\u00e9g\u00e9taux du verger. Comme traitements\u00a0: aucun\u00a0; noter cependant la mise en place de pi\u00e8ges \u00e0 glu en d\u00e9but d\u2019automne, pour prot\u00e9ger les premiers agrumes de la c\u00e9ratite (mouche des fruits), et de pi\u00e8ges contre les frelons \u00e0 partir du printemps (pour prot\u00e9ger les abeilles\u00a0; voir article sp\u00e9cifique).<\/p>\n<p>19 juin 2010\u00a0: 7 ruches<\/p>\n<p>En r\u00e9action aux probl\u00e8mes rencontr\u00e9s par les abeilles un peu partout dans le monde, il avait \u00e9t\u00e9 d\u00e9cid\u00e9 en 2009 d\u2019augmenter le nombre de ruches, jusqu\u2019ici volontairement limit\u00e9 \u00e0 deux, les abeilles n\u2019\u00e9tant pas indispensables \u00e0 la pollinisation des agrumes, mais surtout parce qu\u2019elles pr\u00e9sentent l\u2019inconv\u00e9nient d\u2019apporter des p\u00e9pins dans les cl\u00e9mentines (voir article sp\u00e9cifique sur ce point). Elles participent n\u00e9anmoins \u00e0 l\u2019\u00e9quilibre g\u00e9n\u00e9ral du verger.<\/p>\n<p>De nouvelles ruches ont donc \u00e9t\u00e9 install\u00e9es, et remplies\u00a0; la r\u00e9cup\u00e9ration d\u2019un nouvel essaim ce jour a permis de monter \u00e0 7 le nombre des ruches, soit 3 ruches de type \u00a0\u00bb\u00a0varoise\u00a0\u00ab\u00a0, 3 Langstroth, et une ruche Chaudi\u00e8re en terre cuite.<\/p>\n<p>05 juillet 2010\u00a0: d\u00e9g\u00e2ts caus\u00e9s par les \u00e9cureuils<\/p>\n<p>Il n\u2019est tomb\u00e9 que 100 mm de pluie en mai, 34 en juin. Les feuilles des arbres commen\u00e7aient \u00e0 se recroqueviller, l\u2019arrosage est devenu indispensable. Mais quand j\u2019ai voulu remettre en service l\u2019installation d\u2019arrosage, impossible de la faire monter en pression. Apr\u00e8s v\u00e9rifications sur place, il appara\u00eet qu\u2019un certain nombre de tuyaux ont \u00e9t\u00e9 transform\u00e9s en passoires, sans doute par les \u00e9cureuils \u00e0 ventre rouge, qui pullulent dans la for\u00eat, de l\u2019autre c\u00f4t\u00e9 de la route. J\u2019ai d\u00fb en refaire enti\u00e8rement cinq lignes de la planche du bas (celle des orangers), soit environ 150m. Pour prot\u00e9ger les nouvelles lignes, je les ai enduites soit de glu arboricole, soit de goudron de Norv\u00e8ge. Ca ne devrait pas simplifier les op\u00e9rations de cueillette dans les arbres, mais j\u2019esp\u00e8re au moins que le traitement sera efficace contre les \u00e9cureuils.<\/p>\n<p>L\u2019\u00e9cureuil \u00e0 ventre rouge (ici parfois appel\u00e9 improprement rat de Cor\u00e9e, officiellement Callosciurus Erythraeus) est un tr\u00e8s bel \u00e9cureuil gris\u2026 \u00e0 ventre riouge\u00a0! Il a quasiment supplant\u00e9 l\u2019\u00e9cureuil roux local, qui a presque disparu (On en a cependant aper\u00e7u un dans un arbre, le 22 ao\u00fbt 2010).<\/p>\n<p>Il para\u00eetrait que ces \u00e9cureuils ont \u00e9t\u00e9 import\u00e9s en France pour vendre aux particuliers comme animaux de compagnie\u00a0; certains acqu\u00e9reurs en auraient rel\u00e2ch\u00e9s dans la nature, o\u00f9 ils se sont multipli\u00e9s\u00a0; ils sont depuis deux ou trois ans install\u00e9s dans la for\u00eat en face du verger, o\u00f9 ils viennent maintenant tous les jours se servir. Avec les \u00e9cureuils roux, moins nombreux et plus timides, on partageait les noisettes, ils nous en laissaient un peu\u00a0; maintenant on n\u2019en trouve plus une seule ni dans les arbres ni sous les arbres\u00a0; de plus, il semble bien qu\u2019ils s\u2019attaquent \u00e0 l\u2019\u00e9corce des arbres, leur causant des blessures importantes.<\/p>\n<p>Mais on peut se demander pourquoi ces \u00e9cureuils grignotent les tuyaux en PVC\u00a0? Ce n\u2019est pas comestible\u00a0; peut-\u00eatre pour se faire les dents, ou pour essayer d\u2019en extraire, en saison s\u00e8che, les quelques gouttes d\u2019eau qui y sont rest\u00e9es aux points bas\u00a0?<\/p>\n<p>5 ao\u00fbt 2010 &#8211; gr\u00eale<\/p>\n<p>Gr\u00eale sur la r\u00e9gion. Le 5 ao\u00fbt, nous n\u2019\u00e9tions pas \u00e0 Vallauris. D\u2019apr\u00e8s les voisins, les gr\u00ealons avaient la taille d\u2019une balle de golf. Des carrosseries de voiture ont \u00e9t\u00e9 ab\u00eem\u00e9es. A notre retour, nous avons constat\u00e9 des d\u00e9g\u00e2ts sur les tomates (r\u00e9colte partiellement d\u00e9truite), les kiwis (feuilles abim\u00e9es) et les n\u00e9nuphars (feuilles hach\u00e9es). Certains agrumes (fruits encore tout petits, \u00e0 cette \u00e9poque) sont tomb\u00e9s, beaucoup d\u2019autres (des cl\u00e9mentines mais aussi les autres agrumes, les gr\u00ealons devaient effectivement \u00eatre gros) portent des traces de chocs qui se transformeront sans doute en gros points noirs pendant la croissance du fruit, s\u2019il ne tombe pas pr\u00e9matur\u00e9ment. Il est impossible d\u2019estimer l\u2019importance des pertes, mais c\u2019est de mauvaise augure pour la prochaine saison.<\/p>\n<p>15 ao\u00fbt 2010\u00a0: un gros serpent vert<\/p>\n<p>Ce matin, aper\u00e7u un gros serpent vert sous l\u2019olivier de la planche des kumquats. Quand il m\u2019a entendu, il a eu peur et il est mont\u00e9 dans l\u2019olivier, o\u00f9 il a disparu dans le lierre. Il \u00e9tait d\u2019une taille trop importante pour qu\u2019il puisse s\u2019agir d\u2019une vip\u00e8re. On a de tout temps vu des couleuvres au verger, ce serpent-l\u00e0 en avait la taille, mais je n\u2019ai jamais vu de couleuvre verte.<\/p>\n<p>25 d\u00e9cembre 2010\u00a0: chute des cl\u00e9mentines<\/p>\n<p>Triste constat en ce jour de No\u00ebl\u00a0: beaucoup de fruits sont tomb\u00e9s, ces derniers jours, essentiellement des cl\u00e9mentines, mais aussi des mandarines et des oranges.<\/p>\n<p>Le ph\u00e9nom\u00e8ne provient tr\u00e8s probablement des pluies excessives de ces derniers jours qui ont transform\u00e9 le verger en mar\u00e9cage. La terre gorg\u00e9e d\u2019eau ne peut plus en absorber davantage. Les mandarines sont touch\u00e9es, comme presque tous les ans\u00a0; c\u2019est d\u2019autant plus ennuyeux qu\u2019il n\u2019y en avait pas beaucoup. Quelques oranges aussi sont tomb\u00e9es, mais en plus petit nombre, ce n\u2019est peut-\u00eatre pas li\u00e9. Par contre, et c\u2019est inhabituel, nombre de cl\u00e9mentines aussi ont fait la culbute\u00a0; sont plus particuli\u00e8rement atteints les cl\u00e9mentiniers 122 \u00e0 124, 137 \u00e0 139, 146 \u00e0 148, 152 \u00e0 154, 156, 161, 162, un peu aussi les 66 et 67. Presque tous ces cl\u00e9mentiniers sont greff\u00e9s sur Poncirus (sauf les 66 et 67, sur Citradia), ce n\u2019est sans doute pas un hasard. A contrario, les cl\u00e9mentiniers greff\u00e9s sur citrange semblent r\u00e9sister beaucoup mieux. Pas de souci avec les citronniers, mais ils sont greff\u00e9s soit sur citrange, soit sur volkameriana.<\/p>\n<p>D\u00e9but mai 2011 avancement des op\u00e9rations et fleurs<\/p>\n<p>Les op\u00e9rations de taille des arbres ont pratiquement termin\u00e9es, le BRF a \u00e9t\u00e9 \u00e9pandu sur les 5 planches inf\u00e9rieures. Et le verger commence \u00e0 se couvrir de fleurs, le spectacle est int\u00e9ressant, mais le parfum surtout est fabuleux\u00a0!<\/p>\n<p>Fin septembre 2011 : chute des oranges<\/p>\n<p>La chute des oranges, commenc\u00e9e fin septembre, va se poursuivre jusqu&rsquo;\u00e0 la mi-novembre. Les fruits tombent alors qu&rsquo;ils sont verts, le plus souvent \u00e9clat\u00e9s. Le ph\u00e9nom\u00e8ne est peut-\u00eatre li\u00e9 \u00e0 la s\u00e9cheresse de cet \u00e9t\u00e9 (qui a dur\u00e9 de la fin juillet \u00e0 la fin octobre), et aggrav\u00e9 par les pluies brutales des 5 et 6 novembre)<\/p>\n<p><span style=\"font-size: small;\"><img decoding=\"async\" src=\"http:\/\/arcadia.cuerq.net\/images\/Oranges-tombees.jpg\" \/> <\/span><u><\/u><\/p>\n<p>20 septembre 2012 : pose de deux pi\u00e8ges \u00e0 \u00e9cureuils<\/p>\n<p><span style=\"font-size: large;\">Objectif : attraper des \u00e9cureuils \u00e0 ventre rouge, qui font pas mal de d\u00e9g\u00e2ts au verger. Ces pi\u00e8ges sont des cages, qui ne tuent pas les animaux attrap\u00e9s. Des quartiers de pommes y ont \u00e9t\u00e9 mis comme app\u00e2ts, selon la notice du fabricant. Au bout d&rsquo;ue semaine, aucun r\u00e9sultat. Peut-\u00eatre est-ce qu&rsquo;il ne vient pas d&rsquo;\u00e9cureuils en ce moment, ou peut-\u00eatre est-ce qu&rsquo;ils n&rsquo;aiment pas les pommes. Ou qu&rsquo;ils pr\u00e9f\u00e8rent se servir directement dans les arbres, \u00e0 c\u00f4t\u00e9. On remplace les pommes par des cacahu\u00e8tes, selon les prescriptions d&rsquo;un site internet. Au bout de 3 jours, toujours rien. Mais dimanche 14\/10, Bernadette a la surprise de trouver un h\u00e9risson dans un des pi\u00e8ges. Il est un peu fatigu\u00e9, on ne va pas voir les pi\u00e8ges tous les jours et donc on ne sait pas depuis combien de temps il est enferm\u00e9, mais il a appr\u00e9ci\u00e9 les cacahu\u00e8tes, il n&rsquo;en reste que deux. Bernadette l&rsquo;a lib\u00e9r\u00e9, bien s\u00fbr. Quand elle est retourn\u00e9e le voir un peu plus tard, il avait disparu.<\/span><\/p>\n<p>15 janvier 2013 Certification Agriculture Biologique<\/p>\n<p>Visite d&rsquo;Ecocert pour la certification Agriculture Biologique. Les fruits du verger sont, \u00e0 partir de maintenant, certifi\u00e9s AB.<\/p>\n<p>17 janvier 2013 Neige sur le verger<\/p>\n<p>La neige a commenc\u00e9 \u00e0 tomber vers 7h30, par moments \u00e0 l&rsquo;horizontale du fait du vent, on se serait cru en Sib\u00e9rie (o\u00f9 je n&rsquo;ai pas eu la chance d&rsquo;aller voir, en fait). Elle s&rsquo;est arr\u00eat\u00e9e vers 8h30, a fondu assez rapidement. Le verger ne semble pas avoir souffert, mais on ne peut en \u00eatre s\u00fbr que plusieurs semaines apr\u00e8s.<\/p>\n<p>19 janvier 2013 Le bigaradier va bien<\/p>\n<p>L&rsquo;arbre le plus ancien du verger, le bigaradier 251, est couvert de fruits, plut\u00f4t beaux. Il est tr\u00e8s \u00e2g\u00e9 (il a surv\u00e9cu au moins aux gels de 1885 et 1986, peut-\u00eatre \u00e0 celui de 1956. Il est coinc\u00e9 contre le r\u00e9servoir d&rsquo;eau. A part une petite op\u00e9ration de nettoyage en avril 2012, pour enlever quelques branches mortes, il n&rsquo;a jamais \u00e9t\u00e9 taill\u00e9, jamais \u00e9t\u00e9 arros\u00e9, on ne lui a jamais mis d&rsquo;engrais. Et pourtant il donne, bon an mal an, ses quelques dizaines de kg d&rsquo;agrumes avec une constance d\u00e9concertante. A se demander pourquoi on se donne tant de mal sur les autres arbres !<\/p>\n<p>22 janvier 2013 Abattage d&rsquo;un ch\u00eane<\/p>\n<p>Abattage d&rsquo;un des deux ch\u00eanes dans le chemin Ouest, \u00e0 hauteur du bas de la planche des oranges. Le grenadier et les agrumes qui \u00e9taient dessous auront beaucoup plus de lumi\u00e8re. Et nous, b\u00e9n\u00e9fice collat\u00e9ral, un peu de bois de chauffage pour l&rsquo;hiver prochain.<\/p>\n<p>14 f\u00e9vrier 2013 Visite de L&rsquo;INRA de Sophia, pour une \u00e9tude de l&rsquo;efficacit\u00e9 de la culture de l&rsquo;inule visqueuse dans la lutte contre la mouche de l&rsquo;olive<\/p>\n<p>L&rsquo;inule, Dittrichia viscosa, est plut\u00f4t une \u00ab\u00a0mauvaise\u00a0\u00bb herbe par ici, elle pousse spontan\u00e9ment dans le verger. Survient parfois une mouche, Myopites stylata, phytophage. Sa larve parasite les fleurs de l&rsquo;inule et y provoque la formation de galles. En automne, la larve de la citoyenne Myopites est \u00e0 son tour parasit\u00e9e, par un parasito\u00efde qui r\u00e9pond au doux nom d&rsquo;Eupelmus urozonus, qui lui pique au passage son domicile (la galle) pour y passer l&rsquo;hiver. Ce triste sire, s&rsquo;il a le choix, ira plut\u00f4t mettre \u00e0 son menu Bactrocera oleae (dacus pour les intimes, alias la mouche de l&rsquo;olive), c&rsquo;est bien meilleur au go\u00fbt. D&rsquo;o\u00f9 l&rsquo;int\u00e9r\u00eat que porte l&rsquo;INRA (et nous, et nous) \u00e0 l&rsquo;inule et &#8211; surtout &#8211; \u00e0 ses habitants, en particulier ce brave Eupelmus (peut-\u00eatre ai-je dit du mal de lui ci-dessus, mais il ne faut pas perdre de vue que personne n&rsquo;est parfait &#8211; et que la loi de la nature ne correspond pas forc\u00e9ment toujours \u00e0 ce que nous appelons la morale). Par ailleurs, le sieur Eupelmus, plut\u00f4t polyphage, consomme aussi \u00e0 l&rsquo;occasion du beefsteak de c\u00e9ratite ! Depuis plusieurs ann\u00e9es, en esp\u00e9rant prot\u00e9ger les olives de la mouche, on laisse l&rsquo;inule pousser \u00e7a et l\u00e0, et elle ne s&rsquo;en prive pas. Myopites y a \u00e9lu domicile, les galles sont bien visibles \u00e0 la place de certaines fleurs. Mais Eupelmus y est-il ? ? Quoi qu&rsquo;il en soit, on n&rsquo;a pas constat\u00e9, ces derni\u00e8res ann\u00e9es, une diminution des attaques de la mouche sur les olives ; on va pourtant repiquer de l&rsquo;inule sous les cl\u00e9mentiniers pr\u00e9coces, \u00e0 tout hasard, dans l&rsquo;espoir de prot\u00e9ger les cl\u00e9mentines des attaques de la c\u00e9ratite\u2026 Qui ne tente rien n&rsquo;a rien\u2026<\/p>\n<p>mise \u00e0 jour au 20 f\u00e9vrier 2013<\/p>\n<p><span style=\"font-size: large;\">Merci d\u2019envoyer tout commentaire \u00e0 l\u2019adresse <\/span><a href=\"mailto:arcadia@cuerq.net\"><span style=\"font-size: large;\"><span lang=\"FR\">arcadia@cuerq.net<\/span><\/span><\/a><span style=\"font-size: large;\"><span lang=\"FR\">.<\/span><\/span><\/p>\n","protected":false},"excerpt":{"rendered":"<p>Actualit\u00e9s et faits divers au verger 1986 (plantation de 40 arbres), puis 1988 (plantation de 220 arbres)\u00a0: cr\u00e9ation du verger 2005\u00a0: installation d\u2019arrosage Mise en place d\u2019un ensemble de tuyaux et vannes permettant l\u2019arrosage des arbres au moyen de goutteurs \u00e0 d\u00e9bit r\u00e9gul\u00e9\u00a0; auparavant, l\u2019arrosage se faisait manuellement, au moyen de tuyaux d\u00e9plac\u00e9s d\u2019un arbre &hellip; <a href=\"https:\/\/arcadia.cuerq.net\/?page_id=162\" class=\"more-link\">Continuer la lecture de <span class=\"screen-reader-text\">&#8211; Verger : Actualit\u00e9s et faits divers<\/span>  <span class=\"meta-nav\">&rarr;<\/span><\/a><\/p>\n","protected":false},"author":2,"featured_media":0,"parent":0,"menu_order":0,"comment_status":"closed","ping_status":"closed","template":"","meta":[],"_links":{"self":[{"href":"https:\/\/arcadia.cuerq.net\/index.php?rest_route=\/wp\/v2\/pages\/162"}],"collection":[{"href":"https:\/\/arcadia.cuerq.net\/index.php?rest_route=\/wp\/v2\/pages"}],"about":[{"href":"https:\/\/arcadia.cuerq.net\/index.php?rest_route=\/wp\/v2\/types\/page"}],"author":[{"embeddable":true,"href":"https:\/\/arcadia.cuerq.net\/index.php?rest_route=\/wp\/v2\/users\/2"}],"replies":[{"embeddable":true,"href":"https:\/\/arcadia.cuerq.net\/index.php?rest_route=%2Fwp%2Fv2%2Fcomments&post=162"}],"version-history":[{"count":2,"href":"https:\/\/arcadia.cuerq.net\/index.php?rest_route=\/wp\/v2\/pages\/162\/revisions"}],"predecessor-version":[{"id":201,"href":"https:\/\/arcadia.cuerq.net\/index.php?rest_route=\/wp\/v2\/pages\/162\/revisions\/201"}],"wp:attachment":[{"href":"https:\/\/arcadia.cuerq.net\/index.php?rest_route=%2Fwp%2Fv2%2Fmedia&parent=162"}],"curies":[{"name":"wp","href":"https:\/\/api.w.org\/{rel}","templated":true}]}}