{"id":108,"date":"2017-12-01T17:29:39","date_gmt":"2017-12-01T16:29:39","guid":{"rendered":"http:\/\/laruche.cuerq.net\/?page_id=108"},"modified":"2018-01-02T15:52:20","modified_gmt":"2018-01-02T14:52:20","slug":"greffe","status":"publish","type":"page","link":"https:\/\/arcadia.cuerq.net\/?page_id=108","title":{"rendered":"&#8211; Agrumes et porte-greffes"},"content":{"rendered":"<h2 style=\"text-align: center;\">CONSTATS EFFECTUES AU VERGER EXP\u00c9RIMENTAL<\/h2>\n<p style=\"text-align: center;\"><strong>Les observations portent sur deux points\u00a0:<br \/>\n<\/strong><strong>&#8211; influence du porte-greffe<br \/>\n<\/strong><strong>&#8211; densit\u00e9 de plantation<\/strong><\/p>\n<h3>1\/ INFLUENCE DU PORTE-GREFFE POUR LES AGRUMES<\/h3>\n<p>L\u2019\u00e9tude concerne des arbres plant\u00e9s \u00e0 Vallauris, en 1988, en sol plut\u00f4t calcaire Densit\u00e9 de plantation 800 arbres\/ha. Les constats ont \u00e9t\u00e9 effectu\u00e9s les 19 et 20 f\u00e9vrier 2005.<\/p>\n<h4><strong><u>Arbres et porte-greffes concern\u00e9s\u00a0:<\/u><\/strong><\/h4>\n<p>Des cl\u00e9mentiniers\u00a0: vari\u00e9t\u00e9s diverses dont Corsica, Caffin, Oroval, Nules, soit 54 arbres greff\u00e9s pour moiti\u00e9 sur citrange carrizo, pour l\u2019autre moiti\u00e9 sur poncirus trifoliata<\/p>\n<p>Des orangers\u00a0: vari\u00e9t\u00e9s Moro, Newhall, Navelate, Washington, Tarocco, Valencia Late, Salustiana, Navelina , soit 52 arbres greff\u00e9s moiti\u00e9 sur citrange carrizo, moiti\u00e9 sur poncirus trifoliata<\/p>\n<p>Des pomelos\u00a0: vari\u00e9t\u00e9s Star Ruby et Marsh, soit 15 arbres greff\u00e9s sur citrange carrizo, poncirus trifoliata ou citrumelo.<\/p>\n<p>Des tangelos\u00a0: vari\u00e9t\u00e9s Minneola, Nova, Orlando soit 18 arbres greff\u00e9s pour moiti\u00e9 sur citrange carrizo, pour l\u2019autre moiti\u00e9 sur poncirus trifoliata<\/p>\n<p>Des citronniers\u00a0: vari\u00e9t\u00e9s Villafranca, Lisbonne, Meyer, Eureka, soit 24 arbres greff\u00e9s pour moiti\u00e9 sur citrange carrizo, pour l\u2019autre moiti\u00e9 sur volkameriana<\/p>\n<p>Des limettiers, vari\u00e9t\u00e9 Tahiti, soit 6 arbres greff\u00e9s pour moiti\u00e9 sur citrange carrizo, pour l\u2019autre moiti\u00e9 sur volkameriana<\/p>\n<p>Des mandariniers, vari\u00e9t\u00e9s commune, Malvasio, Kara, Clausellina soit 24 arbres greff\u00e9s pour moiti\u00e9 sur citrange carrizo, pour l\u2019autre moiti\u00e9 sur poncirus trifoliata<\/p>\n<p>Des kumquats, vari\u00e9t\u00e9s Nagami, Marumi, Fukushu soit 18 arbres greff\u00e9s pour moiti\u00e9 sur citrange carrizo, pour l\u2019autre moiti\u00e9 sur poncirus trifoliata<\/p>\n<p>Des tangors Murcott soit 3 arbres greff\u00e9s sur poncirus trifoliata<\/p>\n<h4><strong><u>R\u00e9sultats\u00a0:<\/u><\/strong><\/h4>\n<h5>Constats effectu\u00e9s les 19 et 20 f\u00e9vrier 2005<\/h5>\n<p>&nbsp;<\/p>\n<p>Limettier Tahiti<br \/>\nVolkameriana 2, 3, 4 \u2013 les 2 et 3, atteints par une maladie, ont \u00e9t\u00e9 supprim\u00e9s.<br \/>\nCitrange Carrizo<a name=\"_ftnref1\"><\/a><a href=\"#_ftn1\">[1]<\/a> 5, 6, 7<br \/>\nMaladie des 2 et 3\u00a0: rameaux secs ayant tendance \u00e0 s\u2019\u00e9tendre\u00a0; ne semble pas \u00eatre le mal secco, a priori capable de d\u00e9truire un arbre en 2 semaines.<br \/>\nle 4 est beaucoup plus petit que les 5, 6 et 7.<br \/>\nLe Citrange appara\u00eet mieux adapt\u00e9.<\/p>\n<p>Citronnier Villafranca<br \/>\nVolkameriana 24, 25, 26\u00a0\u00a0\u00a0\u00a0\u00a0\u00a0\u00a0\u00a0\u00a0\u00a0\u00a0\u00a0\u00a0\u00a0\u00a0\u00a0\u00a0\u00a0\u00a0\u00a0\u00a0\u00a0\u00a0 bord de planche (bdp)<br \/>\nCitrange Carrizo 15, 16, 17<br \/>\nles 24 et 15 sont beaux, les 16 et 17 corrects, le 26 un peu plus petit, le 25 malade, sans feuilles.<br \/>\nAvantage au cc<\/p>\n<p>Citronnier Lisbonne<br \/>\ncc 12, 13, 14 &#8211; 12 petit, 13 et 14 un peu plus grands<br \/>\nvol 21, 22, 23 \u2013 21 assez petit, 22 disparu, 23 moyen\u00a0\u00a0\u00a0\u00a0\u00a0\u00a0\u00a0\u00a0\u00a0\u00a0\u00a0\u00a0\u00a0\u00a0\u00a0\u00a0\u00a0\u00a0\u00a0\u00a0\u00a0\u00a0\u00a0 bdp<br \/>\nl\u00e9ger avantage cc, mais quel que soit le porte-greffe, r\u00e9sultat moyen<\/p>\n<p>Citronnier Meyer<br \/>\ncc 9, 10, 11 pas tr\u00e8s grands<br \/>\nvol 18, 19, 20 un tout petit peu plus grands, plus r\u00e9guliers\u00a0\u00a0\u00a0\u00a0\u00a0\u00a0\u00a0\u00a0\u00a0\u00a0\u00a0\u00a0\u00a0\u00a0\u00a0\u00a0\u00a0\u00a0\u00a0\u00a0\u00a0\u00a0\u00a0 bdp<br \/>\nl\u00e9ger avantage vol<\/p>\n<p>Citronnier Eureka<br \/>\ncc 27, 28, 29 \u2013 peu de feuilles, taille moyenne<br \/>\nvol 41, 42, 43 \u2013 peu de feuilles, 41 g\u00ean\u00e9 par l\u2019olivier\u00a0; 42 et 43 taille moyenne\u00a0\u00a0\u00a0\u00a0\u00a0\u00a0\u00a0\u00a0\u00a0\u00a0\u00a0\u00a0\u00a0\u00a0\u00a0\u00a0\u00a0\u00a0\u00a0\u00a0\u00a0\u00a0\u00a0 bdp<br \/>\narbres non taill\u00e9s en 2004\u00a0; tr\u00e8s l\u00e9ger avantage vol<\/p>\n<p>Tangelo Minneola<br \/>\ncc 30, 31, 32 \u2013 30 disparu, 31 et 32 beaux<br \/>\npp 44, 45, 46 beaux\u00a0\u00a0\u00a0\u00a0\u00a0\u00a0\u00a0\u00a0\u00a0\u00a0\u00a0\u00a0\u00a0\u00a0\u00a0\u00a0\u00a0\u00a0\u00a0\u00a0\u00a0\u00a0\u00a0 bdp<br \/>\nsauf disparition du 30 pour raison inconnue, r\u00e9sultats tr\u00e8s voisins, mais tr\u00e8s l\u00e9ger avantage \u00e0 cc<\/p>\n<p>Tangelo Nova<br \/>\ncc 33, 34, 35 \u2013 arbres petits<br \/>\npp 47, 48, 49 \u2013 disparus\u00a0\u00a0\u00a0\u00a0\u00a0\u00a0\u00a0\u00a0\u00a0\u00a0\u00a0\u00a0\u00a0\u00a0\u00a0\u00a0\u00a0\u00a0\u00a0\u00a0\u00a0\u00a0\u00a0 bdp<br \/>\navantage cc<\/p>\n<p>Tangelo Orlando<br \/>\ncc 36, 37, 38 \u2013 petits<br \/>\npp 50, 51, 52 \u2013 50 et 51 petits, 52 disparu\u00a0\u00a0\u00a0\u00a0\u00a0\u00a0\u00a0\u00a0\u00a0\u00a0\u00a0\u00a0\u00a0\u00a0\u00a0\u00a0\u00a0\u00a0\u00a0\u00a0\u00a0\u00a0\u00a0 bdp<br \/>\ntr\u00e8s tr\u00e8s l\u00e9ger avantage cc, en l\u2019absence d\u2019informations sur la cause de la disparition du 52<\/p>\n<p>Pomelo Star Ruby<br \/>\ncc 54, 55, 56 beaux<br \/>\npp 68, 69, 70 \u2013 68 et 69 moyens, 70 petit<br \/>\ncitrumelo 108, 109, 110 beaux\u00a0\u00a0\u00a0\u00a0\u00a0\u00a0\u00a0\u00a0\u00a0\u00a0\u00a0\u00a0\u00a0\u00a0\u00a0\u00a0\u00a0\u00a0\u00a0\u00a0\u00a0\u00a0\u00a0 bdp<br \/>\navantage cc et citrumelo, \u00e9quivalents, sur pp<\/p>\n<p>Pomelo Marsh<br \/>\npp 57, 58, 59 \u2013 beaux<br \/>\ncc 71, 72, 73 \u2013 71 petit, 72 et 73 beaux<br \/>\navantage non significatif \u00e0 pp<\/p>\n<p>Oranger Moro<br \/>\ncc 82, 83 \u2013 beaux, jeunes\u00a0\u00a0\u00a0\u00a0\u00a0\u00a0\u00a0\u00a0\u00a0\u00a0\u00a0\u00a0\u00a0\u00a0\u00a0\u00a0\u00a0\u00a0\u00a0\u00a0\u00a0\u00a0\u00a0 bdp<br \/>\npp 84, 85, 86 \u2013 84 petit, 85 et 86 \u00e0 peine d\u00e9marr\u00e9s\u00a0\u00a0\u00a0\u00a0\u00a0\u00a0\u00a0\u00a0\u00a0\u00a0\u00a0\u00a0\u00a0\u00a0\u00a0\u00a0\u00a0\u00a0\u00a0\u00a0\u00a0\u00a0\u00a0 bdp<br \/>\npp 219, 220, 221 \u2013 219 moyen, 220 disparu, 221 petit<br \/>\ncc 222, 223, 224 &#8211; beaux<br \/>\ntr\u00e8s net avantage cc, pp ne convient pas<br \/>\nNB\u00a0: ombre de migranier sur 85 et 86<\/p>\n<p>Mandarinier commun<br \/>\ncc 87, 88, 89 \u2013 beaux\u00a0\u00a0\u00a0\u00a0\u00a0\u00a0\u00a0\u00a0\u00a0\u00a0\u00a0\u00a0\u00a0\u00a0\u00a0\u00a0\u00a0\u00a0\u00a0\u00a0\u00a0\u00a0\u00a0 bdp<br \/>\npp 90, 91, 92 \u2013 90 et 92 plut\u00f4t beaux, 91 petit\u00a0\u00a0\u00a0\u00a0\u00a0\u00a0\u00a0\u00a0\u00a0\u00a0\u00a0\u00a0\u00a0\u00a0\u00a0\u00a0\u00a0\u00a0\u00a0\u00a0\u00a0\u00a0\u00a0 bdp<br \/>\navantage cc<\/p>\n<p>Mandarinier Malvasio<br \/>\ncc 63, 64, 65 \u2013 63 et 64 moyens, 65 petit<br \/>\npp 77, 78, 79 \u2013 77 et 78 disparus, 79 moyen, beaucoup de fruits, peu de branches et feuilles<br \/>\navantage cc<\/p>\n<p>Kumquat Fukushu<br \/>\ncc 93, 94, 95 \u2013 93 et 95 beaux, 94 moyen<br \/>\npp 105, 106, 107 \u2013 petits\u00a0\u00a0\u00a0\u00a0\u00a0\u00a0\u00a0\u00a0\u00a0\u00a0\u00a0\u00a0\u00a0\u00a0\u00a0\u00a0\u00a0\u00a0\u00a0\u00a0\u00a0\u00a0\u00a0 bdp<br \/>\nnet avantage cc<\/p>\n<p>Kumquat Marumi<br \/>\npp 96, 97, 98 \u2013 96 petit, malade, 97 minuscule, 98 petit<br \/>\nne se plait pas<\/p>\n<p>Kumquat Nagami<br \/>\ncc 99, 100, 101 \u2013 99 petit, 100 minuscule, 101 disparu (regreff\u00e9)<br \/>\npp 111, 112, 113 \u2013 111 et 112 beaux, 113 petit mais plut\u00f4t beau\u00a0\u00a0\u00a0\u00a0\u00a0\u00a0\u00a0\u00a0\u00a0\u00a0\u00a0\u00a0\u00a0\u00a0\u00a0\u00a0\u00a0\u00a0\u00a0\u00a0\u00a0\u00a0\u00a0 bdp<br \/>\navantage pp<\/p>\n<p>Tangor Murcott<br \/>\ncc 102, 103 &#8211; beaux<br \/>\ncc 114 \u2013 beau\u00a0\u00a0\u00a0\u00a0\u00a0\u00a0\u00a0\u00a0\u00a0\u00a0\u00a0\u00a0\u00a0\u00a0\u00a0\u00a0\u00a0\u00a0\u00a0\u00a0\u00a0\u00a0\u00a0 bdp<\/p>\n<p>Cl\u00e9mentinier Caffin<br \/>\ncc 116, 117, 118 \u2013 taille moyenne<br \/>\npp 119, 120, 121 \u2013 un peu plus petits, 119 malade (jaune)<br \/>\navantage cc<\/p>\n<p>Cl\u00e9mentinier Corsica 1<br \/>\npp 128, 129, 130 \u2013 beaux<br \/>\ncc 131, 132, 133 \u2013 131 et 133 plut\u00f4t plus beaux que 128 \u00e0 130, 132 un peu plus petit<br \/>\npas d\u2019avantage d\u00e9terminant<\/p>\n<p>Cl\u00e9mentinier Corsica 2<br \/>\npp 140, 141, 142 \u2013 140 un peu moins beau, 141 et 142 moyens\u00a0\u00a0\u00a0\u00a0\u00a0\u00a0\u00a0\u00a0\u00a0\u00a0\u00a0\u00a0\u00a0\u00a0\u00a0\u00a0\u00a0\u00a0\u00a0\u00a0\u00a0\u00a0\u00a0 bdp<br \/>\ncc 143, 144, 145 \u2013 moyens\u00a0\u00a0\u00a0\u00a0\u00a0\u00a0\u00a0\u00a0\u00a0\u00a0\u00a0\u00a0\u00a0\u00a0\u00a0\u00a0\u00a0\u00a0\u00a0\u00a0\u00a0\u00a0\u00a0 bdp<br \/>\npas d\u2019avantage d\u00e9terminant<br \/>\n(plut\u00f4t plus petits que Corsica 1)<\/p>\n<p>Cl\u00e9mentinier S63<br \/>\npp 122, 123, 124 \u2013 122 et 123 beaux, 124 plus petit<br \/>\ncc 125, 126, 127 \u2013 125 et 126 plus petits, 127 beau<br \/>\ntr\u00e8s l\u00e9ger avantage \u00e0 pp, non d\u00e9terminant<\/p>\n<p>Cl\u00e9mentinier S92<br \/>\ncc 134, 135, 136 \u2013 134 beau, 135 et 136 assez beaux<br \/>\npp 137, 138, 139 \u2013 137 et 139 assez beaux, 138 un peu plus petit<br \/>\nl\u00e9ger avantage \u00e0 cc<\/p>\n<p>Cl\u00e9mentinier S85<br \/>\npp 146, 147, 148 \u2013 146 plus petit, 147 et 148 moyens\u00a0\u00a0\u00a0\u00a0\u00a0\u00a0\u00a0\u00a0\u00a0\u00a0\u00a0\u00a0\u00a0\u00a0\u00a0\u00a0\u00a0\u00a0\u00a0\u00a0\u00a0\u00a0\u00a0 bdp<br \/>\ncc 149, 150, 151 \u2013 149 moyen, 150 et 151 assez beaux\u00a0\u00a0\u00a0\u00a0\u00a0\u00a0\u00a0\u00a0\u00a0\u00a0\u00a0\u00a0\u00a0\u00a0\u00a0\u00a0\u00a0\u00a0\u00a0\u00a0\u00a0\u00a0\u00a0 bdp<br \/>\ntr\u00e8s l\u00e9ger avantage \u00e0 cc<\/p>\n<p>Cl\u00e9mentinier S88<br \/>\npp 152, 153, 154 \u2013 assez beaux<br \/>\ncc 155, 156, 157 \u2013 beaux<br \/>\nnet avantage cc<\/p>\n<p>Cl\u00e9mentinier Oroval<br \/>\npp 164, 165, 166 \u2013 moyens, 165 peu fourni\u00a0\u00a0\u00a0\u00a0\u00a0\u00a0\u00a0\u00a0\u00a0\u00a0\u00a0\u00a0\u00a0\u00a0\u00a0\u00a0\u00a0\u00a0\u00a0\u00a0\u00a0\u00a0\u00a0 bdp<br \/>\ncc 167, 168, 169 \u2013 167 moyen, 168 et 169 beaux\u00a0\u00a0\u00a0\u00a0\u00a0\u00a0\u00a0\u00a0\u00a0\u00a0\u00a0\u00a0\u00a0\u00a0\u00a0\u00a0\u00a0\u00a0\u00a0\u00a0\u00a0\u00a0\u00a0 bdp<br \/>\nnet avantage cc<\/p>\n<p>Cl\u00e9mentinier Nules<br \/>\npp 158, 159, 160 \u2013 beaux<br \/>\ncc 170, 171, 172 beaux\u00a0\u00a0\u00a0\u00a0\u00a0\u00a0\u00a0\u00a0\u00a0\u00a0\u00a0\u00a0\u00a0\u00a0\u00a0\u00a0\u00a0\u00a0\u00a0\u00a0\u00a0\u00a0\u00a0 bdp<br \/>\n\u00e9quivalents<\/p>\n<p>Oranger Newhall<br \/>\ncc 175, 176, 177 \u2013 175 petit, 176 et 177 moyens<br \/>\npp 187, 188, 189 \u2013 beaux<br \/>\nnet avantage pp<\/p>\n<p>Oranger Navelate<br \/>\ncc 178, 179, 180 \u2013 178 et 180 beaux, 179 moyen<br \/>\npp 190, 191, 192 \u2013 190 assez beau, 191 moyen, 192 petit<br \/>\nl\u00e9ger avantage cc<\/p>\n<p>Oranger Washington<br \/>\ncc 181, 182, 183 \u2013 181 et 182 moyens, 183 un peu plus petit<br \/>\npp 193, 194, 195 \u2013 193 et 194 beaux, 195 moyen +<br \/>\navantage pp<\/p>\n<p>Oranger Tarocco<br \/>\npp 204, 205, 206 \u2013 beaux<br \/>\ncc 215, 216, 217 \u2013 beaux<br \/>\n\u00e9quivalents<\/p>\n<p>Oranger Valencia Late<br \/>\ncc 225, 226, 227 \u2013 plut\u00f4t beaux<br \/>\npp 234, 235, 236 \u2013 plut\u00f4t beaux\u00a0\u00a0\u00a0\u00a0\u00a0\u00a0\u00a0\u00a0\u00a0\u00a0\u00a0\u00a0\u00a0\u00a0\u00a0\u00a0\u00a0\u00a0\u00a0\u00a0\u00a0\u00a0\u00a0 bdp<br \/>\n\u00e9quivalents<\/p>\n<p>Oranger Salustiana<br \/>\ncc 201, 202, 203 beaux<br \/>\npp 212, 213, 214 \u2013 un peu plus petits<br \/>\nl\u00e9ger avantage cc<\/p>\n<p>Oranger Navelina<br \/>\npp 198, 199, 200 \u2013 198 et 199 moyens, 200 un peu plus petit<br \/>\ncc 209, 210, 211 \u2013 209 et 211 moyens, 210 beau<br \/>\navantage cc<\/p>\n<h4>Conclusions\u00a0:<\/h4>\n<p>Limettier\u00a0: le citrange convient mieux au Tahiti que le volkameriana<\/p>\n<p>Citronniers\u00a0: le citrange convient mieux au Villafranca, et au Lisbonne (diff\u00e9rence faible)\u00a0; le volkameriana arrive l\u00e9g\u00e8rement en t\u00eate pour les Eur\u00e9ka et les Meyer.<\/p>\n<p>Tangelos\u00a0: le poncirus ne convient pas au Nova\u00a0; citrange et poncirus semblent quasi \u00e9quivalents pour Minneola et Orlando (tout petit avantage cependant au citrange dans les deux cas)<\/p>\n<p>Pomelos\u00a0: Star Ruby pr\u00e9f\u00e8re citrange et citrumelo \u00e0 poncirus, Marsh semble donner une tr\u00e8s l\u00e9g\u00e8re pr\u00e9f\u00e9rence au poncirus sur le citrange.<\/p>\n<p>Mandariniers\u00a0: pour le mandarinier commun et le Malvasio, le citrange semble mieux convenir que le poncirus.<\/p>\n<p>Kumquat\u00a0: le Fukushu pr\u00e9f\u00e8re le citrange au poncirus, le Marumi (sur poncirus uniquement) n\u2019a pas un porte-greffe adapt\u00e9, le Nagami pr\u00e9f\u00e8re le poncirus.<\/p>\n<p>Cl\u00e9mentiniers (poncirus\/citrange)\u00a0: Caffin, S88 et Oroval pr\u00e9f\u00e8rent le citrange, les r\u00e9sultats sont quasi \u00e9quivalents pour Corsica 1 et 2, pour S63 (plut\u00f4t pp), pour S92 et S85 (plut\u00f4t cc), Nules.<\/p>\n<p>Oranger (poncirus\/citrange)\u00a0: Newhall et Washington Navel pr\u00e9f\u00e8rent le poncirus, Navelina pr\u00e9f\u00e8re le citrange qui de plus arrive l\u00e9g\u00e8rement en t\u00eate avec Navelate et Salustiana\u00a0; r\u00e9sultats \u00e9quivalents pour Tarocco et Valencia Late. Moro est incompatible avec le poncirus.<\/p>\n<p>M\u00eame si on semble pouvoir dire que le citrange l\u2019emporte sur le poncirus pour les mandariniers, il semble qu\u2019il faille raisonner en termes de vari\u00e9t\u00e9s plut\u00f4t qu\u2019en termes de cat\u00e9gories de fruits\u00a0; pour chaque vari\u00e9t\u00e9, l\u2019un ou l\u2019autre des porte-greffes peut s\u2019av\u00e9rer pr\u00e9f\u00e9rable.<\/p>\n<p>Il ne semble pas y avoir d\u2019effet \u201c\u00a0bord de planche\u00a0\u201d\u00a0; le fait d\u2019\u00eatre plac\u00e9 au bord de la planche ne semble pas \u00eatre un avantage ni un handicap.<\/p>\n<p>&nbsp;<\/p>\n<h3>2\/ DENSITE DE PLANTATION<\/h3>\n<p>La densit\u00e9 retenue lors de la plantation, en 1988, de 820 arbres\/ha, appara\u00eet nettement trop importante.<\/p>\n<p>Les orangers sont les uns sur les autres, au point que m\u00eames les \u201c\u00a0mauvaises herbes\u00a0\u201d ne peuvent pousser sous le feuillage, par manque de lumi\u00e8re. Les autres arbres, plus petits dans l\u2019ensemble, s\u2019en sortent mieux. Afin de faciliter la circulation, il serait souhaitable cependant d\u2019\u00e9carter un peu plus les lignes.<\/p>\n<p>En conclusion, valeurs semblant \u00e0 retenir\u00a0:<\/p>\n<p>Pour les orangers et tangelos Minneola\u00a0: plut\u00f4t 5 m d\u2019\u00e9cartement sur les lignes, et au moins 5 m entre lignes.<\/p>\n<p>Pour les autres arbres\u00a0: 4 m \u00e0 4,50m entre arbres, au moins 4,50 m entre lignes<\/p>\n<hr \/>\n<p><a name=\"_ftn1\"><\/a><a href=\"#_ftnref1\">[1]<\/a> Citrus sinensis (L.) Burm. x Poncirus trifoliata (L.) Raf.<\/p>\n","protected":false},"excerpt":{"rendered":"<p>CONSTATS EFFECTUES AU VERGER EXP\u00c9RIMENTAL Les observations portent sur deux points\u00a0: &#8211; influence du porte-greffe &#8211; densit\u00e9 de plantation 1\/ INFLUENCE DU PORTE-GREFFE POUR LES AGRUMES L\u2019\u00e9tude concerne des arbres plant\u00e9s \u00e0 Vallauris, en 1988, en sol plut\u00f4t calcaire Densit\u00e9 de plantation 800 arbres\/ha. Les constats ont \u00e9t\u00e9 effectu\u00e9s les 19 et 20 f\u00e9vrier 2005. &hellip; <a href=\"https:\/\/arcadia.cuerq.net\/?page_id=108\" class=\"more-link\">Continuer la lecture de <span class=\"screen-reader-text\">&#8211; Agrumes et porte-greffes<\/span>  <span class=\"meta-nav\">&rarr;<\/span><\/a><\/p>\n","protected":false},"author":2,"featured_media":0,"parent":0,"menu_order":0,"comment_status":"closed","ping_status":"closed","template":"","meta":[],"_links":{"self":[{"href":"https:\/\/arcadia.cuerq.net\/index.php?rest_route=\/wp\/v2\/pages\/108"}],"collection":[{"href":"https:\/\/arcadia.cuerq.net\/index.php?rest_route=\/wp\/v2\/pages"}],"about":[{"href":"https:\/\/arcadia.cuerq.net\/index.php?rest_route=\/wp\/v2\/types\/page"}],"author":[{"embeddable":true,"href":"https:\/\/arcadia.cuerq.net\/index.php?rest_route=\/wp\/v2\/users\/2"}],"replies":[{"embeddable":true,"href":"https:\/\/arcadia.cuerq.net\/index.php?rest_route=%2Fwp%2Fv2%2Fcomments&post=108"}],"version-history":[{"count":4,"href":"https:\/\/arcadia.cuerq.net\/index.php?rest_route=\/wp\/v2\/pages\/108\/revisions"}],"predecessor-version":[{"id":269,"href":"https:\/\/arcadia.cuerq.net\/index.php?rest_route=\/wp\/v2\/pages\/108\/revisions\/269"}],"wp:attachment":[{"href":"https:\/\/arcadia.cuerq.net\/index.php?rest_route=%2Fwp%2Fv2%2Fmedia&parent=108"}],"curies":[{"name":"wp","href":"https:\/\/api.w.org\/{rel}","templated":true}]}}